{"id":755,"date":"2023-03-15T17:57:31","date_gmt":"2023-03-15T17:57:31","guid":{"rendered":"https:\/\/clubprivilegemonttremblant.com\/logements\/"},"modified":"2023-04-11T16:56:53","modified_gmt":"2023-04-11T16:56:53","slug":"logements","status":"publish","type":"page","link":"https:\/\/privilegemonttremblant.com\/fr\/logements\/","title":{"rendered":"Logements"},"content":{"rendered":"<p>[vc_row css_animation=\u00a0\u00bb\u00a0\u00bb row_type=\u00a0\u00bbrow\u00a0\u00bb use_row_as_full_screen_section=\u00a0\u00bbno\u00a0\u00bb type=\u00a0\u00bbgrid\u00a0\u00bb angled_section=\u00a0\u00bbno\u00a0\u00bb text_align=\u00a0\u00bbleft\u00a0\u00bb background_image_as_pattern=\u00a0\u00bbwithout_pattern\u00a0\u00bb z_index=\u00a0\u00bb\u00a0\u00bb][vc_column][vc_column_text]<\/p>\n<h2>QUE VOUS VISITIEZ NOTRE COMPLEXE H\u00d4TELIER POUR RAISON D&rsquo;AFFAIRES OU POUR LE PLAISIR, LE SERVICE CHALEUREUX ET PERSONNALIS\u00c9 TRANSFORMERA VOTRE S\u00c9JOUR EN UN D\u00c9LICE. PROFITEZ DE NOTRE HOSPITALIT\u00c9 !<\/h2>\n<p>D\u00e9tendez-vous dans nos unit\u00e9s modernes et \u00e9l\u00e9gantes, enti\u00e8rement meubl\u00e9s, d\u2019une ou deux chambres \u00e0 coucher avec lits Queen ainsi qu&rsquo;un canap\u00e9-lit dans le salon. Profitez du confort de la maison avec votre propre salle \u00e0 manger et une cuisine \u00e9quip\u00e9e avec des appareils haut de gamme. Asseyez-vous et profitez du foyer pour une d\u00e9tente compl\u00e8te. Les commodit\u00e9s suppl\u00e9mentaires en chambres comprennent une connexion Wi-Fi, un t\u00e9l\u00e9phone, le plancher chauffant, une t\u00e9l\u00e9vision et un appareil de diffusion HD.[\/vc_column_text][\/vc_column][\/vc_row][vc_row css_animation=\u00a0\u00bb\u00a0\u00bb row_type=\u00a0\u00bbrow\u00a0\u00bb use_row_as_full_screen_section=\u00a0\u00bbno\u00a0\u00bb type=\u00a0\u00bbgrid\u00a0\u00bb angled_section=\u00a0\u00bbno\u00a0\u00bb text_align=\u00a0\u00bbleft\u00a0\u00bb background_image_as_pattern=\u00a0\u00bbwithout_pattern\u00a0\u00bb z_index=\u00a0\u00bb\u00a0\u00bb el_class=\u00a0\u00bbpt-0&Prime;][vc_column][vc_column_text]<div id=\"acco\" class=\"other-rooms anim-single anim-up\"><div class=\"room\" href=\"https:\/\/privilegemonttremblant.com\/fr\/room\/studio\/\"><div class=\"room-slide\"><p class=\"carousel-status\"><\/p><div class=\"carousel-cell\">\n                    <img decoding=\"async\" src=\"https:\/\/privilegemonttremblant.com\/wp-content\/uploads\/2023\/03\/20230411_161120-Edit-1024x577.jpg\">\n                    <\/div><div class=\"carousel-cell\">\n                    <img decoding=\"async\" src=\"https:\/\/privilegemonttremblant.com\/wp-content\/uploads\/2023\/03\/20230411_161128-1024x577.jpg\">\n                    <\/div><div class=\"carousel-cell\">\n                    <img decoding=\"async\" src=\"https:\/\/privilegemonttremblant.com\/wp-content\/uploads\/2023\/03\/20230411_161140-1024x577.jpg\">\n                    <\/div><div class=\"carousel-cell\">\n                    <img decoding=\"async\" src=\"https:\/\/privilegemonttremblant.com\/wp-content\/uploads\/2023\/03\/20230411_161159-Edit-1024x577.jpg\">\n                    <\/div><div class=\"carousel-cell\">\n                    <img decoding=\"async\" src=\"https:\/\/privilegemonttremblant.com\/wp-content\/uploads\/2023\/03\/20230411_161206-Edit-1024x577.jpg\">\n                    <\/div><\/div><div class=\"room-body\"><h3>Studio<\/h3><ul class=\"room-body-details\">\n                <li><span><i class=\"icon-bed club\"><\/i>Studio \u00e9quip\u00e9 d'un lit de type Queen et d'un canap\u00e9-lit dans le salon.<\/span><\/li>\n                <li><span><i class=\"icon-guest club\"><\/i>Maximum de 3-4 personnes, y compris jusqu'\u00e0 2 enfants.<\/span><\/li>\n                <li><span><i class=\"icon-room club\"><\/i>~ 400 PI.CA.<\/span><\/li>\n                <\/ul><div class=\"room-footer\">\n                  <a target=\"_blank\" href=\"https:\/\/direct-book.com\/properties\/ClubPrivilegeMontTremblantDIRECT?locale=fr\" rel=\"noopener\">R\u00c9SERVEZ MAINTENANT<\/a>\n                  <a href=\"https:\/\/privilegemonttremblant.com\/fr\/room\/studio\/\">VOIR LES D\u00c9TAILS<\/a>\n                  <\/div><\/div><\/div><div class=\"room\" href=\"https:\/\/privilegemonttremblant.com\/fr\/room\/1-chambre\/\"><div class=\"room-slide\"><p class=\"carousel-status\"><\/p><div class=\"carousel-cell\">\n                    <img decoding=\"async\" src=\"https:\/\/privilegemonttremblant.com\/wp-content\/uploads\/2023\/03\/1-bedroom-01-1024x577.jpg\">\n                    <\/div><div class=\"carousel-cell\">\n                    <img decoding=\"async\" src=\"https:\/\/privilegemonttremblant.com\/wp-content\/uploads\/2023\/03\/1-bedroom-02-1024x577.jpg\">\n                    <\/div><div class=\"carousel-cell\">\n                    <img decoding=\"async\" src=\"https:\/\/privilegemonttremblant.com\/wp-content\/uploads\/2023\/03\/1-bedroom-03-1024x577.jpg\">\n                    <\/div><div class=\"carousel-cell\">\n                    <img decoding=\"async\" src=\"https:\/\/privilegemonttremblant.com\/wp-content\/uploads\/2023\/03\/1-bedroom-04-1024x577.jpg\">\n                    <\/div><div class=\"carousel-cell\">\n                    <img decoding=\"async\" src=\"https:\/\/privilegemonttremblant.com\/wp-content\/uploads\/2023\/03\/1-bedroom-05-1024x577.jpg\">\n                    <\/div><\/div><div class=\"room-body\"><h3>1 Chambre<\/h3><ul class=\"room-body-details\">\n                <li><span><i class=\"icon-bed club\"><\/i>Logement d'une chambre avec un lit de type Queen et un canap\u00e9-lit dans le salon.<\/span><\/li>\n                <li><span><i class=\"icon-guest club\"><\/i>Maximum de 4 personnes, dont jusqu'\u00e0 3 enfants.<\/span><\/li>\n                <li><span><i class=\"icon-room club\"><\/i>~ 600 PI.CA.<\/span><\/li>\n                <\/ul><div class=\"room-footer\">\n                  <a target=\"_blank\" href=\"https:\/\/direct-book.com\/properties\/ClubPrivilegeMontTremblantDIRECT?locale=fr\" rel=\"noopener\">R\u00c9SERVEZ MAINTENANT<\/a>\n                  <a href=\"https:\/\/privilegemonttremblant.com\/fr\/room\/1-chambre\/\">VOIR LES D\u00c9TAILS<\/a>\n                  <\/div><\/div><\/div><div class=\"room\" href=\"https:\/\/privilegemonttremblant.com\/fr\/room\/2-chambre\/\"><div class=\"room-slide\"><p class=\"carousel-status\"><\/p><div class=\"carousel-cell\">\n                    <img decoding=\"async\" src=\"https:\/\/privilegemonttremblant.com\/wp-content\/uploads\/2023\/03\/2-bedroom-01-1024x577.jpg\">\n                    <\/div><div class=\"carousel-cell\">\n                    <img decoding=\"async\" src=\"https:\/\/privilegemonttremblant.com\/wp-content\/uploads\/2023\/03\/2-bedroom-02-1024x577.jpg\">\n                    <\/div><div class=\"carousel-cell\">\n                    <img decoding=\"async\" src=\"https:\/\/privilegemonttremblant.com\/wp-content\/uploads\/2023\/03\/2-bedroom-03-1024x577.jpg\">\n                    <\/div><div class=\"carousel-cell\">\n                    <img decoding=\"async\" src=\"https:\/\/privilegemonttremblant.com\/wp-content\/uploads\/2023\/03\/2-bedroom-04-1024x577.jpg\">\n                    <\/div><div class=\"carousel-cell\">\n                    <img decoding=\"async\" src=\"https:\/\/privilegemonttremblant.com\/wp-content\/uploads\/2023\/03\/2-bedroom-05-1024x577.jpg\">\n                    <\/div><\/div><div class=\"room-body\"><h3>2 Chambre<\/h3><ul class=\"room-body-details\">\n                <li><span><i class=\"icon-bed club\"><\/i>Logement de deux chambres avec deux lits de type Queen et un canap\u00e9-lit dans le salon.<\/span><\/li>\n                <li><span><i class=\"icon-guest club\"><\/i>Maximum de 6 personnes, y compris jusqu'\u00e0 4 enfants.<\/span><\/li>\n                <li><span><i class=\"icon-room club\"><\/i>~ 1000 PI.CA.<\/span><\/li>\n                <\/ul><div class=\"room-footer\">\n                  <a target=\"_blank\" href=\"https:\/\/direct-book.com\/properties\/ClubPrivilegeMontTremblantDIRECT?locale=fr\" rel=\"noopener\">R\u00c9SERVEZ MAINTENANT<\/a>\n                  <a href=\"https:\/\/privilegemonttremblant.com\/fr\/room\/2-chambre\/\">VOIR LES D\u00c9TAILS<\/a>\n                  <\/div><\/div><\/div><div class=\"room\" href=\"https:\/\/privilegemonttremblant.com\/fr\/room\/3-chambre\/\"><div class=\"room-slide\"><p class=\"carousel-status\"><\/p><div class=\"carousel-cell\">\n                    <img decoding=\"async\" src=\"https:\/\/privilegemonttremblant.com\/wp-content\/uploads\/2023\/03\/3-bedroom-01-1024x577.jpg\">\n                    <\/div><div class=\"carousel-cell\">\n                    <img decoding=\"async\" src=\"https:\/\/privilegemonttremblant.com\/wp-content\/uploads\/2023\/03\/3-bedroom-02-1024x577.jpg\">\n                    <\/div><div class=\"carousel-cell\">\n                    <img decoding=\"async\" src=\"https:\/\/privilegemonttremblant.com\/wp-content\/uploads\/2023\/03\/3-bedroom-03-1024x577.jpg\">\n                    <\/div><div class=\"carousel-cell\">\n                    <img decoding=\"async\" src=\"https:\/\/privilegemonttremblant.com\/wp-content\/uploads\/2023\/03\/3-bedroom-04-1024x577.jpg\">\n                    <\/div><div class=\"carousel-cell\">\n                    <img decoding=\"async\" src=\"https:\/\/privilegemonttremblant.com\/wp-content\/uploads\/2023\/03\/3-bedroom-05-1024x577.jpg\">\n                    <\/div><\/div><div class=\"room-body\"><h3>3 Chambre<\/h3><ul class=\"room-body-details\">\n                <li><span><i class=\"icon-bed club\"><\/i>Logement de trois chambres avec deux lits de type Queen, deux lits simples et deux canap\u00e9s-lits escamotables dans le salon.<\/span><\/li>\n                <li><span><i class=\"icon-guest club\"><\/i>Maximum de 8 personnes, y compris jusqu'\u00e0 4 enfants.<\/span><\/li>\n                <li><span><i class=\"icon-room club\"><\/i>~ 1750 PI.CA.<\/span><\/li>\n                <\/ul><div class=\"room-footer\">\n                  <a target=\"_blank\" href=\"https:\/\/direct-book.com\/properties\/ClubPrivilegeMontTremblantDIRECT?locale=fr\" rel=\"noopener\">R\u00c9SERVEZ MAINTENANT<\/a>\n                  <a href=\"https:\/\/privilegemonttremblant.com\/fr\/room\/3-chambre\/\">VOIR LES D\u00c9TAILS<\/a>\n                  <\/div><\/div><\/div><\/div><script> \n        jQuery(document).ready(function($){\n        var carousel = $('.room-slide').flickity({\n        cellSelector: '.carousel-cell',\n          cellAlign: 'left',\n          contain: true,\n          imagesLoaded: true,\n          on: {\n            ready: function() {\n              console.log('Flickity is ready');\n            },\n            change: function( index ) {\n              console.log( 'Slide changed to' + index );\n              var slideNumber =  index + 1;\n            }\n          }\n        });\n        \n        });\n          \n        <\/script>[\/vc_column_text][\/vc_column][\/vc_row]<\/p>\n","protected":false},"excerpt":{"rendered":"<p>[vc_row css_animation=\u00a0\u00bb\u00a0\u00bb row_type=\u00a0\u00bbrow\u00a0\u00bb use_row_as_full_screen_section=\u00a0\u00bbno\u00a0\u00bb type=\u00a0\u00bbgrid\u00a0\u00bb angled_section=\u00a0\u00bbno\u00a0\u00bb text_align=\u00a0\u00bbleft\u00a0\u00bb background_image_as_pattern=\u00a0\u00bbwithout_pattern\u00a0\u00bb z_index=\u00a0\u00bb\u00a0\u00bb][vc_column][vc_column_text] QUE VOUS VISITIEZ NOTRE COMPLEXE H\u00d4TELIER POUR RAISON D&rsquo;AFFAIRES OU POUR LE PLAISIR, LE SERVICE CHALEUREUX ET PERSONNALIS\u00c9 TRANSFORMERA VOTRE S\u00c9JOUR EN UN D\u00c9LICE. PROFITEZ DE NOTRE HOSPITALIT\u00c9 ! D\u00e9tendez-vous dans nos unit\u00e9s modernes et \u00e9l\u00e9gantes,&#8230;<\/p>\n","protected":false},"author":1,"featured_media":601,"parent":0,"menu_order":0,"comment_status":"closed","ping_status":"closed","template":"full_width.php","meta":{"footnotes":""},"class_list":["post-755","page","type-page","status-publish","has-post-thumbnail","hentry"],"yoast_head":"<!-- This site is optimized with the Yoast SEO plugin v27.5 - https:\/\/yoast.com\/product\/yoast-seo-wordpress\/ -->\n<title>Logements - Louer un chalet, un condo \u00e0 Tremblant<\/title>\n<meta name=\"description\" content=\"Logements - Location de chalets et de condos Club Privilege Mont Tremblant, Laurentides\" \/>\n<meta name=\"robots\" content=\"index, follow, max-snippet:-1, max-image-preview:large, max-video-preview:-1\" \/>\n<link rel=\"canonical\" href=\"https:\/\/privilegemonttremblant.com\/fr\/logements\/\" \/>\n<meta property=\"og:locale\" content=\"fr_FR\" \/>\n<meta property=\"og:type\" content=\"article\" \/>\n<meta property=\"og:title\" content=\"Logements - Louer un chalet, un condo \u00e0 Tremblant\" \/>\n<meta property=\"og:description\" content=\"Logements - Location de chalets et de condos Club Privilege Mont Tremblant, Laurentides\" \/>\n<meta property=\"og:url\" content=\"https:\/\/privilegemonttremblant.com\/fr\/logements\/\" \/>\n<meta property=\"og:site_name\" content=\"Club Privil\u00e8ge Mont-Tremblant\" \/>\n<meta property=\"article:publisher\" content=\"https:\/\/www.facebook.com\/LeClubPrivilegeTremblant\" \/>\n<meta property=\"article:modified_time\" content=\"2023-04-11T16:56:53+00:00\" \/>\n<meta property=\"og:image\" content=\"https:\/\/privilegemonttremblant.com\/wp-content\/uploads\/2023\/03\/DSC00607-1.jpg\" \/>\n\t<meta property=\"og:image:width\" content=\"1920\" \/>\n\t<meta property=\"og:image:height\" content=\"1080\" \/>\n\t<meta property=\"og:image:type\" content=\"image\/jpeg\" \/>\n<meta name=\"twitter:card\" content=\"summary_large_image\" \/>\n<meta name=\"twitter:label1\" content=\"Dur\u00e9e de lecture estim\u00e9e\" \/>\n\t<meta name=\"twitter:data1\" content=\"1 minute\" \/>\n<script type=\"application\/ld+json\" class=\"yoast-schema-graph\">{\"@context\":\"https:\\\/\\\/schema.org\",\"@graph\":[{\"@type\":\"WebPage\",\"@id\":\"https:\\\/\\\/privilegemonttremblant.com\\\/fr\\\/logements\\\/\",\"url\":\"https:\\\/\\\/privilegemonttremblant.com\\\/fr\\\/logements\\\/\",\"name\":\"Logements - Louer un chalet, un condo \u00e0 Tremblant\",\"isPartOf\":{\"@id\":\"https:\\\/\\\/privilegemonttremblant.com\\\/#website\"},\"primaryImageOfPage\":{\"@id\":\"https:\\\/\\\/privilegemonttremblant.com\\\/fr\\\/logements\\\/#primaryimage\"},\"image\":{\"@id\":\"https:\\\/\\\/privilegemonttremblant.com\\\/fr\\\/logements\\\/#primaryimage\"},\"thumbnailUrl\":\"https:\\\/\\\/privilegemonttremblant.com\\\/wp-content\\\/uploads\\\/2023\\\/03\\\/DSC00607-1.jpg\",\"datePublished\":\"2023-03-15T17:57:31+00:00\",\"dateModified\":\"2023-04-11T16:56:53+00:00\",\"description\":\"Logements - Location de chalets et de condos Club Privilege Mont Tremblant, Laurentides\",\"breadcrumb\":{\"@id\":\"https:\\\/\\\/privilegemonttremblant.com\\\/fr\\\/logements\\\/#breadcrumb\"},\"inLanguage\":\"fr-FR\",\"potentialAction\":[{\"@type\":\"ReadAction\",\"target\":[\"https:\\\/\\\/privilegemonttremblant.com\\\/fr\\\/logements\\\/\"]}]},{\"@type\":\"ImageObject\",\"inLanguage\":\"fr-FR\",\"@id\":\"https:\\\/\\\/privilegemonttremblant.com\\\/fr\\\/logements\\\/#primaryimage\",\"url\":\"https:\\\/\\\/privilegemonttremblant.com\\\/wp-content\\\/uploads\\\/2023\\\/03\\\/DSC00607-1.jpg\",\"contentUrl\":\"https:\\\/\\\/privilegemonttremblant.com\\\/wp-content\\\/uploads\\\/2023\\\/03\\\/DSC00607-1.jpg\",\"width\":1920,\"height\":1080},{\"@type\":\"BreadcrumbList\",\"@id\":\"https:\\\/\\\/privilegemonttremblant.com\\\/fr\\\/logements\\\/#breadcrumb\",\"itemListElement\":[{\"@type\":\"ListItem\",\"position\":1,\"name\":\"Home\",\"item\":\"http:\\\/\\\/privilegemonttremblant.com\\\/fr\\\/\"},{\"@type\":\"ListItem\",\"position\":2,\"name\":\"Logements\"}]},{\"@type\":\"WebSite\",\"@id\":\"https:\\\/\\\/privilegemonttremblant.com\\\/#website\",\"url\":\"https:\\\/\\\/privilegemonttremblant.com\\\/\",\"name\":\"Club Privil\u00e8ge Mont-Tremblant\",\"description\":\"\",\"publisher\":{\"@id\":\"https:\\\/\\\/privilegemonttremblant.com\\\/#organization\"},\"potentialAction\":[{\"@type\":\"SearchAction\",\"target\":{\"@type\":\"EntryPoint\",\"urlTemplate\":\"https:\\\/\\\/privilegemonttremblant.com\\\/?s={search_term_string}\"},\"query-input\":{\"@type\":\"PropertyValueSpecification\",\"valueRequired\":true,\"valueName\":\"search_term_string\"}}],\"inLanguage\":\"fr-FR\"},{\"@type\":\"Organization\",\"@id\":\"https:\\\/\\\/privilegemonttremblant.com\\\/#organization\",\"name\":\"Club Privil\u00e8ge Mont-Tremblant\",\"url\":\"https:\\\/\\\/privilegemonttremblant.com\\\/\",\"logo\":{\"@type\":\"ImageObject\",\"inLanguage\":\"fr-FR\",\"@id\":\"https:\\\/\\\/privilegemonttremblant.com\\\/#\\\/schema\\\/logo\\\/image\\\/\",\"url\":\"https:\\\/\\\/privilegemonttremblant.com\\\/wp-content\\\/uploads\\\/2023\\\/03\\\/logo.png\",\"contentUrl\":\"https:\\\/\\\/privilegemonttremblant.com\\\/wp-content\\\/uploads\\\/2023\\\/03\\\/logo.png\",\"width\":532,\"height\":130,\"caption\":\"Club Privil\u00e8ge Mont-Tremblant\"},\"image\":{\"@id\":\"https:\\\/\\\/privilegemonttremblant.com\\\/#\\\/schema\\\/logo\\\/image\\\/\"},\"sameAs\":[\"https:\\\/\\\/www.facebook.com\\\/LeClubPrivilegeTremblant\",\"https:\\\/\\\/www.instagram.com\\\/clubprivilegetremblant\\\/\"]}]}<\/script>\n<!-- \/ Yoast SEO plugin. -->","yoast_head_json":{"title":"Logements - Louer un chalet, un condo \u00e0 Tremblant","description":"Logements - Location de chalets et de condos Club Privilege Mont Tremblant, Laurentides","robots":{"index":"index","follow":"follow","max-snippet":"max-snippet:-1","max-image-preview":"max-image-preview:large","max-video-preview":"max-video-preview:-1"},"canonical":"https:\/\/privilegemonttremblant.com\/fr\/logements\/","og_locale":"fr_FR","og_type":"article","og_title":"Logements - Louer un chalet, un condo \u00e0 Tremblant","og_description":"Logements - Location de chalets et de condos Club Privilege Mont Tremblant, Laurentides","og_url":"https:\/\/privilegemonttremblant.com\/fr\/logements\/","og_site_name":"Club Privil\u00e8ge Mont-Tremblant","article_publisher":"https:\/\/www.facebook.com\/LeClubPrivilegeTremblant","article_modified_time":"2023-04-11T16:56:53+00:00","og_image":[{"width":1920,"height":1080,"url":"https:\/\/privilegemonttremblant.com\/wp-content\/uploads\/2023\/03\/DSC00607-1.jpg","type":"image\/jpeg"}],"twitter_card":"summary_large_image","twitter_misc":{"Dur\u00e9e de lecture estim\u00e9e":"1 minute"},"schema":{"@context":"https:\/\/schema.org","@graph":[{"@type":"WebPage","@id":"https:\/\/privilegemonttremblant.com\/fr\/logements\/","url":"https:\/\/privilegemonttremblant.com\/fr\/logements\/","name":"Logements - Louer un chalet, un condo \u00e0 Tremblant","isPartOf":{"@id":"https:\/\/privilegemonttremblant.com\/#website"},"primaryImageOfPage":{"@id":"https:\/\/privilegemonttremblant.com\/fr\/logements\/#primaryimage"},"image":{"@id":"https:\/\/privilegemonttremblant.com\/fr\/logements\/#primaryimage"},"thumbnailUrl":"https:\/\/privilegemonttremblant.com\/wp-content\/uploads\/2023\/03\/DSC00607-1.jpg","datePublished":"2023-03-15T17:57:31+00:00","dateModified":"2023-04-11T16:56:53+00:00","description":"Logements - Location de chalets et de condos Club Privilege Mont Tremblant, Laurentides","breadcrumb":{"@id":"https:\/\/privilegemonttremblant.com\/fr\/logements\/#breadcrumb"},"inLanguage":"fr-FR","potentialAction":[{"@type":"ReadAction","target":["https:\/\/privilegemonttremblant.com\/fr\/logements\/"]}]},{"@type":"ImageObject","inLanguage":"fr-FR","@id":"https:\/\/privilegemonttremblant.com\/fr\/logements\/#primaryimage","url":"https:\/\/privilegemonttremblant.com\/wp-content\/uploads\/2023\/03\/DSC00607-1.jpg","contentUrl":"https:\/\/privilegemonttremblant.com\/wp-content\/uploads\/2023\/03\/DSC00607-1.jpg","width":1920,"height":1080},{"@type":"BreadcrumbList","@id":"https:\/\/privilegemonttremblant.com\/fr\/logements\/#breadcrumb","itemListElement":[{"@type":"ListItem","position":1,"name":"Home","item":"http:\/\/privilegemonttremblant.com\/fr\/"},{"@type":"ListItem","position":2,"name":"Logements"}]},{"@type":"WebSite","@id":"https:\/\/privilegemonttremblant.com\/#website","url":"https:\/\/privilegemonttremblant.com\/","name":"Club Privil\u00e8ge Mont-Tremblant","description":"","publisher":{"@id":"https:\/\/privilegemonttremblant.com\/#organization"},"potentialAction":[{"@type":"SearchAction","target":{"@type":"EntryPoint","urlTemplate":"https:\/\/privilegemonttremblant.com\/?s={search_term_string}"},"query-input":{"@type":"PropertyValueSpecification","valueRequired":true,"valueName":"search_term_string"}}],"inLanguage":"fr-FR"},{"@type":"Organization","@id":"https:\/\/privilegemonttremblant.com\/#organization","name":"Club Privil\u00e8ge Mont-Tremblant","url":"https:\/\/privilegemonttremblant.com\/","logo":{"@type":"ImageObject","inLanguage":"fr-FR","@id":"https:\/\/privilegemonttremblant.com\/#\/schema\/logo\/image\/","url":"https:\/\/privilegemonttremblant.com\/wp-content\/uploads\/2023\/03\/logo.png","contentUrl":"https:\/\/privilegemonttremblant.com\/wp-content\/uploads\/2023\/03\/logo.png","width":532,"height":130,"caption":"Club Privil\u00e8ge Mont-Tremblant"},"image":{"@id":"https:\/\/privilegemonttremblant.com\/#\/schema\/logo\/image\/"},"sameAs":["https:\/\/www.facebook.com\/LeClubPrivilegeTremblant","https:\/\/www.instagram.com\/clubprivilegetremblant\/"]}]}},"acf":[],"_links":{"self":[{"href":"https:\/\/privilegemonttremblant.com\/fr\/wp-json\/wp\/v2\/pages\/755","targetHints":{"allow":["GET"]}}],"collection":[{"href":"https:\/\/privilegemonttremblant.com\/fr\/wp-json\/wp\/v2\/pages"}],"about":[{"href":"https:\/\/privilegemonttremblant.com\/fr\/wp-json\/wp\/v2\/types\/page"}],"author":[{"embeddable":true,"href":"https:\/\/privilegemonttremblant.com\/fr\/wp-json\/wp\/v2\/users\/1"}],"replies":[{"embeddable":true,"href":"https:\/\/privilegemonttremblant.com\/fr\/wp-json\/wp\/v2\/comments?post=755"}],"version-history":[{"count":3,"href":"https:\/\/privilegemonttremblant.com\/fr\/wp-json\/wp\/v2\/pages\/755\/revisions"}],"predecessor-version":[{"id":850,"href":"https:\/\/privilegemonttremblant.com\/fr\/wp-json\/wp\/v2\/pages\/755\/revisions\/850"}],"wp:featuredmedia":[{"embeddable":true,"href":"https:\/\/privilegemonttremblant.com\/fr\/wp-json\/wp\/v2\/media\/601"}],"wp:attachment":[{"href":"https:\/\/privilegemonttremblant.com\/fr\/wp-json\/wp\/v2\/media?parent=755"}],"curies":[{"name":"wp","href":"https:\/\/api.w.org\/{rel}","templated":true}]}}