{"id":708,"date":"2023-03-17T16:22:08","date_gmt":"2023-03-17T16:22:08","guid":{"rendered":"https:\/\/clubprivilegemonttremblant.com\/region-de-mont-tremblant\/"},"modified":"2023-04-11T16:59:23","modified_gmt":"2023-04-11T16:59:23","slug":"region-de-mont-tremblant","status":"publish","type":"page","link":"https:\/\/privilegemonttremblant.com\/fr\/region-de-mont-tremblant\/","title":{"rendered":"R\u00e9gion De Mont-Tremblant"},"content":{"rendered":"<p>[vc_row css_animation=\u00a0\u00bb\u00a0\u00bb row_type=\u00a0\u00bbrow\u00a0\u00bb use_row_as_full_screen_section=\u00a0\u00bbno\u00a0\u00bb type=\u00a0\u00bbgrid\u00a0\u00bb angled_section=\u00a0\u00bbno\u00a0\u00bb text_align=\u00a0\u00bbleft\u00a0\u00bb background_image_as_pattern=\u00a0\u00bbwithout_pattern\u00a0\u00bb z_index=\u00a0\u00bb\u00a0\u00bb][vc_column][vc_column_text]<\/p>\n<h2 style=\"text-align: center;\">LA R\u00c9GION DU MONT-TREMBLANT, UN ENDROIT AVEC UNE HISTOIRE FASCINANTE AUSSI GRANDE QUE LES GRANDS ESPACES DES LAURENTIDES EUX-M\u00caMES, C\u2019EST UN TERRITOIRE RICHE QUI A TOUJOURS \u00c9T\u00c9 CONVOIT\u00c9. <\/h2>\n<p style=\"text-align: center;\">Une terre riche de mille aspects diff\u00e9rents, qui se d\u00e9voile lentement au visiteur et va conqu\u00e9rir le c\u0153ur des citadins de par ses grands lacs paisibles, parmi d&rsquo;immenses for\u00eats d&rsquo;\u00e9rables et de pins.<br \/>\nLes Laurentides c\u2019est 22 000 kilom\u00e8tres carr\u00e9s de pur bonheur, juste au nord de Montr\u00e9al. La grande diversit\u00e9 de ses \u00e9cosyst\u00e8mes ouvre sans cesse de nouveaux horizons, offrant une exp\u00e9rience naturelle exceptionnelle pour tous les visiteurs.<\/p>\n<p>[\/vc_column_text][\/vc_column][\/vc_row][vc_row css_animation=\u00a0\u00bb\u00a0\u00bb row_type=\u00a0\u00bbrow\u00a0\u00bb use_row_as_full_screen_section=\u00a0\u00bbno\u00a0\u00bb type=\u00a0\u00bbfull_width\u00a0\u00bb angled_section=\u00a0\u00bbno\u00a0\u00bb text_align=\u00a0\u00bbleft\u00a0\u00bb background_image_as_pattern=\u00a0\u00bbwithout_pattern\u00a0\u00bb z_index=\u00a0\u00bb\u00a0\u00bb el_class=\u00a0\u00bbpseudo-full\u00a0\u00bb][vc_column][vc_row_inner row_type=\u00a0\u00bbrow\u00a0\u00bb type=\u00a0\u00bbfull_width\u00a0\u00bb text_align=\u00a0\u00bbleft\u00a0\u00bb css_animation=\u00a0\u00bb\u00a0\u00bb][vc_column_inner width=\u00a0\u00bb1\/2&Prime;][vc_single_image image=\u00a0\u00bb609&Prime; img_size=\u00a0\u00bbfull\u00a0\u00bb qode_css_animation=\u00a0\u00bb\u00a0\u00bb][\/vc_column_inner][vc_column_inner width=\u00a0\u00bb1\/2&Prime;][vc_column_text el_class=\u00a0\u00bbanim-single anim-up\u00a0\u00bb]La r\u00e9gion de Mont-Tremblant tire son nom de la cha\u00eene de montagnes qui sillonne sa portion nord, et fait partie du grand Bouclier canadien, qui couvre la plupart du Qu\u00e9bec au nord du fleuve Saint-Laurent. Ses villages anim\u00e9s et pittoresques offrent aux visiteurs un accueil chaleureux. La r\u00e9gion de Laurentides est aussi un lieu de rencontre pour les sportifs qui viennent pratiquer leur activit\u00e9 sportive pr\u00e9f\u00e9r\u00e9e tout au long de l&rsquo;ann\u00e9e.[\/vc_column_text][\/vc_column_inner][\/vc_row_inner][vc_row_inner inner_column_reverse_sm=\u00a0\u00bb1&Prime; row_type=\u00a0\u00bbrow\u00a0\u00bb type=\u00a0\u00bbfull_width\u00a0\u00bb text_align=\u00a0\u00bbleft\u00a0\u00bb css_animation=\u00a0\u00bb\u00a0\u00bb][vc_column_inner width=\u00a0\u00bb1\/2&Prime;][vc_column_text el_class=\u00a0\u00bbanim-single anim-up\u00a0\u00bb]Les visiteurs viennent de loin pour profiter des nombreuses attractions, et au fil des ann\u00e9es, la r\u00e9gion a forg\u00e9 une r\u00e9putation enviable qui lui a permis de devenir la principale destination de vill\u00e9giature quatre saisons au Qu\u00e9bec. En effet, les visiteurs viennent de partout dans le monde pour se laisser charmer par la beaut\u00e9 de son paysage unique et ses attraits touristiques.[\/vc_column_text][\/vc_column_inner][vc_column_inner width=\u00a0\u00bb1\/2&Prime;][vc_single_image image=\u00a0\u00bb608&Prime; img_size=\u00a0\u00bbfull\u00a0\u00bb qode_css_animation=\u00a0\u00bb\u00a0\u00bb][\/vc_column_inner][\/vc_row_inner][\/vc_column][\/vc_row][vc_row css_animation=\u00a0\u00bb\u00a0\u00bb row_type=\u00a0\u00bbrow\u00a0\u00bb use_row_as_full_screen_section=\u00a0\u00bbno\u00a0\u00bb type=\u00a0\u00bbgrid\u00a0\u00bb angled_section=\u00a0\u00bbno\u00a0\u00bb text_align=\u00a0\u00bbleft\u00a0\u00bb background_image_as_pattern=\u00a0\u00bbwithout_pattern\u00a0\u00bb el_class=\u00a0\u00bbmini\u00a0\u00bb z_index=\u00a0\u00bb\u00a0\u00bb][vc_column][vc_column_text]Chaque saison, la nature transporte le voyageur dans un univers unique, si bien que la r\u00e9gion des Laurentides est un endroit \u00e0 red\u00e9couvrir encore et encore : c\u2019est toujours un plaisir d\u2019y revenir. <\/p>\n<h5 class=\"thin\">ALORS, VENEZ ET TROUVEZ VOTRE COIN SP\u00c9CIAL DANS LES LAURENTIDES, L&rsquo;UN DES V\u00c9RITABLES PARADIS NATURELS EN AM\u00c9RIQUE DU NORD<\/h5>\n<p>[\/vc_column_text][\/vc_column][\/vc_row][vc_row css_animation=\u00a0\u00bb\u00a0\u00bb row_type=\u00a0\u00bbrow\u00a0\u00bb use_row_as_full_screen_section=\u00a0\u00bbno\u00a0\u00bb type=\u00a0\u00bbgrid\u00a0\u00bb angled_section=\u00a0\u00bbno\u00a0\u00bb text_align=\u00a0\u00bbleft\u00a0\u00bb background_image_as_pattern=\u00a0\u00bbwithout_pattern\u00a0\u00bb z_index=\u00a0\u00bb\u00a0\u00bb][vc_column][vc_column_text]<\/p>\n<h3 style=\"text-align: center;\">VOICI QUELQUES EXEMPLES DE CE QU&rsquo;IL Y A \u00c0 FAIRE \u00c0 10 MINUTES DU CLUB PRIVIL\u00c8GE MONT-TREMBLANT :<\/h3>\n<ul class=\"checkmarks anim-series series-up col-2\">\n<li>Ski alpin et planche \u00e0 neige \u00e0 la station de ski du Mont-Tremblant<\/li>\n<li>Golf avec multiple choix de terrains<\/li>\n<li>Casino Mont-Tremblant<\/li>\n<li>Plus de 100 kilom\u00e8tres de pistes cyclables<\/li>\n<li>Randonn\u00e9e &#8211; des sentiers de randonn\u00e9e difficiles<\/li>\n<li>P\u00eache<\/li>\n<li>Centres de Spa &#8211; Massages<\/li>\n<li style=\"break-after: column;\">Gymnases<\/li>\n<li>Ski de fond<\/li>\n<li>Patinoires<\/li>\n<li>Descente en luge d&rsquo;\u00e9t\u00e9<\/li>\n<li>Observatoire du Mont-Tremblant<\/li>\n<li>Centre nautique &#8211; Location de navires aquatiques et de jeux<\/li>\n<li>Tyroliennes<\/li>\n<li>Mini-golf<\/li>\n<li>Spectacles de lumi\u00e8re<\/li>\n<li>Exp\u00e9rience R\u00e9alit\u00e9 Virtuelle<\/li>\n<li>Salle d\u2019\u00e9vasion<\/li>\n<\/ul>\n<p>[\/vc_column_text][\/vc_column][\/vc_row][vc_row css_animation=\u00a0\u00bb\u00a0\u00bb row_type=\u00a0\u00bbrow\u00a0\u00bb use_row_as_full_screen_section=\u00a0\u00bbno\u00a0\u00bb type=\u00a0\u00bbgrid\u00a0\u00bb angled_section=\u00a0\u00bbno\u00a0\u00bb text_align=\u00a0\u00bbleft\u00a0\u00bb background_image_as_pattern=\u00a0\u00bbwithout_pattern\u00a0\u00bb z_index=\u00a0\u00bb\u00a0\u00bb][vc_column][vc_column_text]<\/p>\n<p style=\"text-align: center;\">Et bien s\u00fbr, ne pas oublier les restaurants et bars situ\u00e9s \u00e0 10 minutes du Club. Avec tout ce qu\u2019il y a au Club Privil\u00e8ge Mont-Tremblant et aux alentours, ce n\u2019est plus qu\u2019une question de d\u00e9cision.<\/p>\n<h5 class=\"thin\" style=\"text-align: center;\">MONT-TREMBLANT OFFRE MAINTENANT DES NAVETTES GRATUITES AU VILLAGE POUR TOUS !<\/h5>\n<p>[\/vc_column_text][\/vc_column][\/vc_row]<\/p>\n","protected":false},"excerpt":{"rendered":"<p>[vc_row css_animation=\u00a0\u00bb\u00a0\u00bb row_type=\u00a0\u00bbrow\u00a0\u00bb use_row_as_full_screen_section=\u00a0\u00bbno\u00a0\u00bb type=\u00a0\u00bbgrid\u00a0\u00bb angled_section=\u00a0\u00bbno\u00a0\u00bb text_align=\u00a0\u00bbleft\u00a0\u00bb background_image_as_pattern=\u00a0\u00bbwithout_pattern\u00a0\u00bb z_index=\u00a0\u00bb\u00a0\u00bb][vc_column][vc_column_text] LA R\u00c9GION DU MONT-TREMBLANT, UN ENDROIT AVEC UNE HISTOIRE FASCINANTE AUSSI GRANDE QUE LES GRANDS ESPACES DES LAURENTIDES EUX-M\u00caMES, C\u2019EST UN TERRITOIRE RICHE QUI A TOUJOURS \u00c9T\u00c9 CONVOIT\u00c9. Une terre riche de mille aspects diff\u00e9rents, qui&#8230;<\/p>\n","protected":false},"author":1,"featured_media":607,"parent":0,"menu_order":0,"comment_status":"closed","ping_status":"closed","template":"full_width.php","meta":{"footnotes":""},"class_list":["post-708","page","type-page","status-publish","has-post-thumbnail","hentry"],"yoast_head":"<!-- This site is optimized with the Yoast SEO plugin v27.5 - https:\/\/yoast.com\/product\/yoast-seo-wordpress\/ -->\n<title>R\u00e9gion De Mont-Tremblant - Louer un chalet, un condo \u00e0 Tremblant<\/title>\n<meta name=\"description\" content=\"R\u00e9gion De Mont-Tremblant - Location de chalets et de condos Club Privilege Mont Tremblant, Laurentides\" \/>\n<meta name=\"robots\" content=\"index, follow, max-snippet:-1, max-image-preview:large, max-video-preview:-1\" \/>\n<link rel=\"canonical\" href=\"http:\/\/privilegemonttremblant.com\/fr\/region-de-mont-tremblant\/\" \/>\n<meta property=\"og:locale\" content=\"fr_FR\" \/>\n<meta property=\"og:type\" content=\"article\" \/>\n<meta property=\"og:title\" content=\"R\u00e9gion De Mont-Tremblant - Louer un chalet, un condo \u00e0 Tremblant\" \/>\n<meta property=\"og:description\" content=\"R\u00e9gion De Mont-Tremblant - Location de chalets et de condos Club Privilege Mont Tremblant, Laurentides\" \/>\n<meta property=\"og:url\" content=\"http:\/\/privilegemonttremblant.com\/fr\/region-de-mont-tremblant\/\" \/>\n<meta property=\"og:site_name\" content=\"Club Privil\u00e8ge Mont-Tremblant\" \/>\n<meta property=\"article:publisher\" content=\"https:\/\/www.facebook.com\/LeClubPrivilegeTremblant\" \/>\n<meta property=\"article:modified_time\" content=\"2023-04-11T16:59:23+00:00\" \/>\n<meta property=\"og:image\" content=\"http:\/\/privilegemonttremblant.com\/wp-content\/uploads\/2023\/03\/mmont.jpg\" \/>\n\t<meta property=\"og:image:width\" content=\"1920\" \/>\n\t<meta property=\"og:image:height\" content=\"1080\" \/>\n\t<meta property=\"og:image:type\" content=\"image\/jpeg\" \/>\n<meta name=\"twitter:card\" content=\"summary_large_image\" \/>\n<meta name=\"twitter:label1\" content=\"Dur\u00e9e de lecture estim\u00e9e\" \/>\n\t<meta name=\"twitter:data1\" content=\"4 minutes\" \/>\n<script type=\"application\/ld+json\" class=\"yoast-schema-graph\">{\"@context\":\"https:\\\/\\\/schema.org\",\"@graph\":[{\"@type\":\"WebPage\",\"@id\":\"http:\\\/\\\/privilegemonttremblant.com\\\/fr\\\/region-de-mont-tremblant\\\/\",\"url\":\"http:\\\/\\\/privilegemonttremblant.com\\\/fr\\\/region-de-mont-tremblant\\\/\",\"name\":\"R\u00e9gion De Mont-Tremblant - Louer un chalet, un condo \u00e0 Tremblant\",\"isPartOf\":{\"@id\":\"https:\\\/\\\/privilegemonttremblant.com\\\/#website\"},\"primaryImageOfPage\":{\"@id\":\"http:\\\/\\\/privilegemonttremblant.com\\\/fr\\\/region-de-mont-tremblant\\\/#primaryimage\"},\"image\":{\"@id\":\"http:\\\/\\\/privilegemonttremblant.com\\\/fr\\\/region-de-mont-tremblant\\\/#primaryimage\"},\"thumbnailUrl\":\"https:\\\/\\\/privilegemonttremblant.com\\\/wp-content\\\/uploads\\\/2023\\\/03\\\/mmont.jpg\",\"datePublished\":\"2023-03-17T16:22:08+00:00\",\"dateModified\":\"2023-04-11T16:59:23+00:00\",\"description\":\"R\u00e9gion De Mont-Tremblant - Location de chalets et de condos Club Privilege Mont Tremblant, Laurentides\",\"breadcrumb\":{\"@id\":\"http:\\\/\\\/privilegemonttremblant.com\\\/fr\\\/region-de-mont-tremblant\\\/#breadcrumb\"},\"inLanguage\":\"fr-FR\",\"potentialAction\":[{\"@type\":\"ReadAction\",\"target\":[\"http:\\\/\\\/privilegemonttremblant.com\\\/fr\\\/region-de-mont-tremblant\\\/\"]}]},{\"@type\":\"ImageObject\",\"inLanguage\":\"fr-FR\",\"@id\":\"http:\\\/\\\/privilegemonttremblant.com\\\/fr\\\/region-de-mont-tremblant\\\/#primaryimage\",\"url\":\"https:\\\/\\\/privilegemonttremblant.com\\\/wp-content\\\/uploads\\\/2023\\\/03\\\/mmont.jpg\",\"contentUrl\":\"https:\\\/\\\/privilegemonttremblant.com\\\/wp-content\\\/uploads\\\/2023\\\/03\\\/mmont.jpg\",\"width\":1920,\"height\":1080},{\"@type\":\"BreadcrumbList\",\"@id\":\"http:\\\/\\\/privilegemonttremblant.com\\\/fr\\\/region-de-mont-tremblant\\\/#breadcrumb\",\"itemListElement\":[{\"@type\":\"ListItem\",\"position\":1,\"name\":\"Home\",\"item\":\"http:\\\/\\\/privilegemonttremblant.com\\\/fr\\\/\"},{\"@type\":\"ListItem\",\"position\":2,\"name\":\"R\u00e9gion De Mont-Tremblant\"}]},{\"@type\":\"WebSite\",\"@id\":\"https:\\\/\\\/privilegemonttremblant.com\\\/#website\",\"url\":\"https:\\\/\\\/privilegemonttremblant.com\\\/\",\"name\":\"Club Privil\u00e8ge Mont-Tremblant\",\"description\":\"\",\"publisher\":{\"@id\":\"https:\\\/\\\/privilegemonttremblant.com\\\/#organization\"},\"potentialAction\":[{\"@type\":\"SearchAction\",\"target\":{\"@type\":\"EntryPoint\",\"urlTemplate\":\"https:\\\/\\\/privilegemonttremblant.com\\\/?s={search_term_string}\"},\"query-input\":{\"@type\":\"PropertyValueSpecification\",\"valueRequired\":true,\"valueName\":\"search_term_string\"}}],\"inLanguage\":\"fr-FR\"},{\"@type\":\"Organization\",\"@id\":\"https:\\\/\\\/privilegemonttremblant.com\\\/#organization\",\"name\":\"Club Privil\u00e8ge Mont-Tremblant\",\"url\":\"https:\\\/\\\/privilegemonttremblant.com\\\/\",\"logo\":{\"@type\":\"ImageObject\",\"inLanguage\":\"fr-FR\",\"@id\":\"https:\\\/\\\/privilegemonttremblant.com\\\/#\\\/schema\\\/logo\\\/image\\\/\",\"url\":\"https:\\\/\\\/privilegemonttremblant.com\\\/wp-content\\\/uploads\\\/2023\\\/03\\\/logo.png\",\"contentUrl\":\"https:\\\/\\\/privilegemonttremblant.com\\\/wp-content\\\/uploads\\\/2023\\\/03\\\/logo.png\",\"width\":532,\"height\":130,\"caption\":\"Club Privil\u00e8ge Mont-Tremblant\"},\"image\":{\"@id\":\"https:\\\/\\\/privilegemonttremblant.com\\\/#\\\/schema\\\/logo\\\/image\\\/\"},\"sameAs\":[\"https:\\\/\\\/www.facebook.com\\\/LeClubPrivilegeTremblant\",\"https:\\\/\\\/www.instagram.com\\\/clubprivilegetremblant\\\/\"]}]}<\/script>\n<!-- \/ Yoast SEO plugin. -->","yoast_head_json":{"title":"R\u00e9gion De Mont-Tremblant - Louer un chalet, un condo \u00e0 Tremblant","description":"R\u00e9gion De Mont-Tremblant - Location de chalets et de condos Club Privilege Mont Tremblant, Laurentides","robots":{"index":"index","follow":"follow","max-snippet":"max-snippet:-1","max-image-preview":"max-image-preview:large","max-video-preview":"max-video-preview:-1"},"canonical":"http:\/\/privilegemonttremblant.com\/fr\/region-de-mont-tremblant\/","og_locale":"fr_FR","og_type":"article","og_title":"R\u00e9gion De Mont-Tremblant - Louer un chalet, un condo \u00e0 Tremblant","og_description":"R\u00e9gion De Mont-Tremblant - Location de chalets et de condos Club Privilege Mont Tremblant, Laurentides","og_url":"http:\/\/privilegemonttremblant.com\/fr\/region-de-mont-tremblant\/","og_site_name":"Club Privil\u00e8ge Mont-Tremblant","article_publisher":"https:\/\/www.facebook.com\/LeClubPrivilegeTremblant","article_modified_time":"2023-04-11T16:59:23+00:00","og_image":[{"width":1920,"height":1080,"url":"http:\/\/privilegemonttremblant.com\/wp-content\/uploads\/2023\/03\/mmont.jpg","type":"image\/jpeg"}],"twitter_card":"summary_large_image","twitter_misc":{"Dur\u00e9e de lecture estim\u00e9e":"4 minutes"},"schema":{"@context":"https:\/\/schema.org","@graph":[{"@type":"WebPage","@id":"http:\/\/privilegemonttremblant.com\/fr\/region-de-mont-tremblant\/","url":"http:\/\/privilegemonttremblant.com\/fr\/region-de-mont-tremblant\/","name":"R\u00e9gion De Mont-Tremblant - Louer un chalet, un condo \u00e0 Tremblant","isPartOf":{"@id":"https:\/\/privilegemonttremblant.com\/#website"},"primaryImageOfPage":{"@id":"http:\/\/privilegemonttremblant.com\/fr\/region-de-mont-tremblant\/#primaryimage"},"image":{"@id":"http:\/\/privilegemonttremblant.com\/fr\/region-de-mont-tremblant\/#primaryimage"},"thumbnailUrl":"https:\/\/privilegemonttremblant.com\/wp-content\/uploads\/2023\/03\/mmont.jpg","datePublished":"2023-03-17T16:22:08+00:00","dateModified":"2023-04-11T16:59:23+00:00","description":"R\u00e9gion De Mont-Tremblant - Location de chalets et de condos Club Privilege Mont Tremblant, Laurentides","breadcrumb":{"@id":"http:\/\/privilegemonttremblant.com\/fr\/region-de-mont-tremblant\/#breadcrumb"},"inLanguage":"fr-FR","potentialAction":[{"@type":"ReadAction","target":["http:\/\/privilegemonttremblant.com\/fr\/region-de-mont-tremblant\/"]}]},{"@type":"ImageObject","inLanguage":"fr-FR","@id":"http:\/\/privilegemonttremblant.com\/fr\/region-de-mont-tremblant\/#primaryimage","url":"https:\/\/privilegemonttremblant.com\/wp-content\/uploads\/2023\/03\/mmont.jpg","contentUrl":"https:\/\/privilegemonttremblant.com\/wp-content\/uploads\/2023\/03\/mmont.jpg","width":1920,"height":1080},{"@type":"BreadcrumbList","@id":"http:\/\/privilegemonttremblant.com\/fr\/region-de-mont-tremblant\/#breadcrumb","itemListElement":[{"@type":"ListItem","position":1,"name":"Home","item":"http:\/\/privilegemonttremblant.com\/fr\/"},{"@type":"ListItem","position":2,"name":"R\u00e9gion De Mont-Tremblant"}]},{"@type":"WebSite","@id":"https:\/\/privilegemonttremblant.com\/#website","url":"https:\/\/privilegemonttremblant.com\/","name":"Club Privil\u00e8ge Mont-Tremblant","description":"","publisher":{"@id":"https:\/\/privilegemonttremblant.com\/#organization"},"potentialAction":[{"@type":"SearchAction","target":{"@type":"EntryPoint","urlTemplate":"https:\/\/privilegemonttremblant.com\/?s={search_term_string}"},"query-input":{"@type":"PropertyValueSpecification","valueRequired":true,"valueName":"search_term_string"}}],"inLanguage":"fr-FR"},{"@type":"Organization","@id":"https:\/\/privilegemonttremblant.com\/#organization","name":"Club Privil\u00e8ge Mont-Tremblant","url":"https:\/\/privilegemonttremblant.com\/","logo":{"@type":"ImageObject","inLanguage":"fr-FR","@id":"https:\/\/privilegemonttremblant.com\/#\/schema\/logo\/image\/","url":"https:\/\/privilegemonttremblant.com\/wp-content\/uploads\/2023\/03\/logo.png","contentUrl":"https:\/\/privilegemonttremblant.com\/wp-content\/uploads\/2023\/03\/logo.png","width":532,"height":130,"caption":"Club Privil\u00e8ge Mont-Tremblant"},"image":{"@id":"https:\/\/privilegemonttremblant.com\/#\/schema\/logo\/image\/"},"sameAs":["https:\/\/www.facebook.com\/LeClubPrivilegeTremblant","https:\/\/www.instagram.com\/clubprivilegetremblant\/"]}]}},"acf":[],"_links":{"self":[{"href":"https:\/\/privilegemonttremblant.com\/fr\/wp-json\/wp\/v2\/pages\/708","targetHints":{"allow":["GET"]}}],"collection":[{"href":"https:\/\/privilegemonttremblant.com\/fr\/wp-json\/wp\/v2\/pages"}],"about":[{"href":"https:\/\/privilegemonttremblant.com\/fr\/wp-json\/wp\/v2\/types\/page"}],"author":[{"embeddable":true,"href":"https:\/\/privilegemonttremblant.com\/fr\/wp-json\/wp\/v2\/users\/1"}],"replies":[{"embeddable":true,"href":"https:\/\/privilegemonttremblant.com\/fr\/wp-json\/wp\/v2\/comments?post=708"}],"version-history":[{"count":11,"href":"https:\/\/privilegemonttremblant.com\/fr\/wp-json\/wp\/v2\/pages\/708\/revisions"}],"predecessor-version":[{"id":861,"href":"https:\/\/privilegemonttremblant.com\/fr\/wp-json\/wp\/v2\/pages\/708\/revisions\/861"}],"wp:featuredmedia":[{"embeddable":true,"href":"https:\/\/privilegemonttremblant.com\/fr\/wp-json\/wp\/v2\/media\/607"}],"wp:attachment":[{"href":"https:\/\/privilegemonttremblant.com\/fr\/wp-json\/wp\/v2\/media?parent=708"}],"curies":[{"name":"wp","href":"https:\/\/api.w.org\/{rel}","templated":true}]}}