{"id":1651,"date":"2025-09-10T05:26:25","date_gmt":"2025-09-10T05:26:25","guid":{"rendered":"https:\/\/clubprivilegemonttremblant.com\/?page_id=1651"},"modified":"2026-04-10T04:53:29","modified_gmt":"2026-04-10T04:53:29","slug":"blogue","status":"publish","type":"page","link":"https:\/\/privilegemonttremblant.com\/fr\/blogue\/","title":{"rendered":"Blog"},"content":{"rendered":"<p>[vc_row css_animation=\u00a0\u00bb\u00a0\u00bb row_type=\u00a0\u00bbrow\u00a0\u00bb use_row_as_full_screen_section=\u00a0\u00bbno\u00a0\u00bb type=\u00a0\u00bbfull_width\u00a0\u00bb angled_section=\u00a0\u00bbno\u00a0\u00bb text_align=\u00a0\u00bbleft\u00a0\u00bb background_image_as_pattern=\u00a0\u00bbwithout_pattern\u00a0\u00bb][vc_column]<div class='q_masonry_blog'><div class=\"q_masonry_blog_grid_sizer\"><\/div><div class=\"q_masonry_blog_grid_gutter\"><\/div><article  class='post-1055 post type-post status-publish format-standard has-post-thumbnail hentry category-non-classifiee '><div class=\"q_masonry_blog_post_image\"><a itemprop=\"url\" href=\"https:\/\/privilegemonttremblant.com\/fr\/serrures-a-neuf\/\" target=\"_self\"><img decoding=\"async\" itemprop=\"image\" src=\"https:\/\/privilegemonttremblant.com\/wp-content\/uploads\/2023\/03\/locker.jpg\" \/><\/a><\/div><div class=\"q_masonry_blog_post_text\"><h3 itemprop=\"name\" class=\"q_masonry_blog_title entry_title\"><a itemprop=\"url\" href=\"https:\/\/privilegemonttremblant.com\/fr\/serrures-a-neuf\/\">Serrures \u00e0 Neuf !<\/a><\/h3><p itemprop=\"description\" class=\"q_masonry_blog_excerpt\">Nous sommes fiers de vous pr\u00e9senter notre projet de serrure moderne termin\u00e9 ! ...<\/p><div class=\"q_masonry_blog_post_info\"><span itemprop=\"dateCreated\" class=\"time entry_date updated\">20 mai, 2023<meta itemprop=\"interactionCount\" content=\"UserComments: <?php echo get_comments_number(qode_get_page_id()); ?>\"\/><\/span><\/div><\/div><\/article><article  class='post-1053 post type-post status-publish format-standard has-post-thumbnail hentry category-non-classifiee '><div class=\"q_masonry_blog_post_image\"><a itemprop=\"url\" href=\"https:\/\/privilegemonttremblant.com\/fr\/le-centre-dactivites\/\" target=\"_self\"><img decoding=\"async\" itemprop=\"image\" src=\"https:\/\/privilegemonttremblant.com\/wp-content\/uploads\/2023\/03\/mount.webp\" \/><\/a><\/div><div class=\"q_masonry_blog_post_text\"><h3 itemprop=\"name\" class=\"q_masonry_blog_title entry_title\"><a itemprop=\"url\" href=\"https:\/\/privilegemonttremblant.com\/fr\/le-centre-dactivites\/\">Le Centre d\u2019Activit\u00e9s<\/a><\/h3><p itemprop=\"description\" class=\"q_masonry_blog_excerpt\">Le Centre d\u2019Activit\u00e9s est un endroit situ\u00e9 \u00e0 la montagne de Tremblant. Ce c...<\/p><div class=\"q_masonry_blog_post_info\"><span itemprop=\"dateCreated\" class=\"time entry_date updated\">27 mai, 2023<meta itemprop=\"interactionCount\" content=\"UserComments: <?php echo get_comments_number(qode_get_page_id()); ?>\"\/><\/span><\/div><\/div><\/article><article  class='post-1049 post type-post status-publish format-standard has-post-thumbnail hentry category-non-classifiee '><div class=\"q_masonry_blog_post_image\"><a itemprop=\"url\" href=\"https:\/\/privilegemonttremblant.com\/fr\/salle-de-spectacle-leglise-du-village\/\" target=\"_self\"><img decoding=\"async\" itemprop=\"image\" src=\"https:\/\/privilegemonttremblant.com\/wp-content\/uploads\/2023\/06\/Main_IMG_7744.jpg\" \/><\/a><\/div><div class=\"q_masonry_blog_post_text\"><h3 itemprop=\"name\" class=\"q_masonry_blog_title entry_title\"><a itemprop=\"url\" href=\"https:\/\/privilegemonttremblant.com\/fr\/salle-de-spectacle-leglise-du-village\/\">Salle de Spectacle l\u2019\u00c9glise du Village<\/a><\/h3><p itemprop=\"description\" class=\"q_masonry_blog_excerpt\">La ville de Mont-Tremblant offre une vari\u00e9t\u00e9 d\u2019\u00e9v\u00e9nements au courant de l?...<\/p><div class=\"q_masonry_blog_post_info\"><span itemprop=\"dateCreated\" class=\"time entry_date updated\">02 juin, 2023<meta itemprop=\"interactionCount\" content=\"UserComments: <?php echo get_comments_number(qode_get_page_id()); ?>\"\/><\/span><\/div><\/div><\/article><article  class='post-1051 post type-post status-publish format-standard has-post-thumbnail hentry category-non-classifiee '><div class=\"q_masonry_blog_post_image\"><a itemprop=\"url\" href=\"https:\/\/privilegemonttremblant.com\/fr\/plage-du-lac-mercier\/\" target=\"_self\"><img decoding=\"async\" itemprop=\"image\" src=\"https:\/\/privilegemonttremblant.com\/wp-content\/uploads\/2023\/03\/20210317_LacMercier.jpeg\" \/><\/a><\/div><div class=\"q_masonry_blog_post_text\"><h3 itemprop=\"name\" class=\"q_masonry_blog_title entry_title\"><a itemprop=\"url\" href=\"https:\/\/privilegemonttremblant.com\/fr\/plage-du-lac-mercier\/\">Plage du Lac Mercier<\/a><\/h3><p itemprop=\"description\" class=\"q_masonry_blog_excerpt\">La plage du lac Mercier est un endroit merveilleux pour aller relaxer avec la fa...<\/p><div class=\"q_masonry_blog_post_info\"><span itemprop=\"dateCreated\" class=\"time entry_date updated\">02 juin, 2023<meta itemprop=\"interactionCount\" content=\"UserComments: <?php echo get_comments_number(qode_get_page_id()); ?>\"\/><\/span><\/div><\/div><\/article><article  class='post-1166 post type-post status-publish format-standard has-post-thumbnail hentry category-non-classifiee '><div class=\"q_masonry_blog_post_image\"><a itemprop=\"url\" href=\"https:\/\/privilegemonttremblant.com\/fr\/piscine-renovee\/\" target=\"_self\"><img decoding=\"async\" itemprop=\"image\" src=\"https:\/\/privilegemonttremblant.com\/wp-content\/uploads\/2023\/06\/IMG_8976.jpg\" \/><\/a><\/div><div class=\"q_masonry_blog_post_text\"><h3 itemprop=\"name\" class=\"q_masonry_blog_title entry_title\"><a itemprop=\"url\" href=\"https:\/\/privilegemonttremblant.com\/fr\/piscine-renovee\/\">Piscine R\u00e9nov\u00e9e !<\/a><\/h3><p itemprop=\"description\" class=\"q_masonry_blog_excerpt\">Notre piscine est dor\u00e9navant r\u00e9nov\u00e9e! La toile a \u00e9t\u00e9 chang\u00e9e en entier pou...<\/p><div class=\"q_masonry_blog_post_info\"><span itemprop=\"dateCreated\" class=\"time entry_date updated\">28 juin, 2023<meta itemprop=\"interactionCount\" content=\"UserComments: <?php echo get_comments_number(qode_get_page_id()); ?>\"\/><\/span><\/div><\/div><\/article><article  class='post-1162 post type-post status-publish format-standard has-post-thumbnail hentry category-non-classifiee '><div class=\"q_masonry_blog_post_image\"><a itemprop=\"url\" href=\"https:\/\/privilegemonttremblant.com\/fr\/un-complexe-en-fleuraison\/\" target=\"_self\"><img decoding=\"async\" itemprop=\"image\" src=\"https:\/\/privilegemonttremblant.com\/wp-content\/uploads\/2023\/06\/IMG_8981.jpeg\" \/><\/a><\/div><div class=\"q_masonry_blog_post_text\"><h3 itemprop=\"name\" class=\"q_masonry_blog_title entry_title\"><a itemprop=\"url\" href=\"https:\/\/privilegemonttremblant.com\/fr\/un-complexe-en-fleuraison\/\">Un Complexe en Fleuraison<\/a><\/h3><p itemprop=\"description\" class=\"q_masonry_blog_excerpt\">La saison d\u2019\u00e9t\u00e9 arrive \u00e0 grands pas. Le Club Privil\u00e8ge veut montrer l\u2019as...<\/p><div class=\"q_masonry_blog_post_info\"><span itemprop=\"dateCreated\" class=\"time entry_date updated\">28 juin, 2023<meta itemprop=\"interactionCount\" content=\"UserComments: <?php echo get_comments_number(qode_get_page_id()); ?>\"\/><\/span><\/div><\/div><\/article><article  class='post-1215 post type-post status-publish format-standard has-post-thumbnail hentry category-non-classifiee category-uncategorized '><div class=\"q_masonry_blog_post_image\"><a itemprop=\"url\" href=\"https:\/\/privilegemonttremblant.com\/fr\/un-regard-vers-le-passe\/\" target=\"_self\"><img decoding=\"async\" itemprop=\"image\" src=\"https:\/\/privilegemonttremblant.com\/wp-content\/uploads\/2023\/09\/79F4E379-26AE-4D1E-8380-2D314AB09F75.jpg\" \/><\/a><\/div><div class=\"q_masonry_blog_post_text\"><h3 itemprop=\"name\" class=\"q_masonry_blog_title entry_title\"><a itemprop=\"url\" href=\"https:\/\/privilegemonttremblant.com\/fr\/un-regard-vers-le-passe\/\">Un Regard vers le Pass\u00e9<\/a><\/h3><p itemprop=\"description\" class=\"q_masonry_blog_excerpt\">Club Privil\u00e8ge Mont-Tremblant offre ses services depuis 1989. Tout a commenc\u00e9 ...<\/p><div class=\"q_masonry_blog_post_info\"><span itemprop=\"dateCreated\" class=\"time entry_date updated\">25 septembre, 2023<meta itemprop=\"interactionCount\" content=\"UserComments: <?php echo get_comments_number(qode_get_page_id()); ?>\"\/><\/span><\/div><\/div><\/article><article  class='post-1236 post type-post status-publish format-standard has-post-thumbnail hentry category-non-classifiee '><div class=\"q_masonry_blog_post_image\"><a itemprop=\"url\" href=\"https:\/\/privilegemonttremblant.com\/fr\/lautomne-approche\/\" target=\"_self\"><img decoding=\"async\" itemprop=\"image\" src=\"https:\/\/privilegemonttremblant.com\/wp-content\/uploads\/2023\/09\/Fall-is-Coming.jpg\" \/><\/a><\/div><div class=\"q_masonry_blog_post_text\"><h3 itemprop=\"name\" class=\"q_masonry_blog_title entry_title\"><a itemprop=\"url\" href=\"https:\/\/privilegemonttremblant.com\/fr\/lautomne-approche\/\">L\u2019Automne Approche<\/a><\/h3><p itemprop=\"description\" class=\"q_masonry_blog_excerpt\">Avec l\u2019\u00e9t\u00e9 qui nous quitte lentement, Mont-Tremblant se transforme en v\u00e9rit...<\/p><div class=\"q_masonry_blog_post_info\"><span itemprop=\"dateCreated\" class=\"time entry_date updated\">25 septembre, 2023<meta itemprop=\"interactionCount\" content=\"UserComments: <?php echo get_comments_number(qode_get_page_id()); ?>\"\/><\/span><\/div><\/div><\/article><\/div>[\/vc_column][\/vc_row]<\/p>\n","protected":false},"excerpt":{"rendered":"<p>[vc_row css_animation=\u00a0\u00bb\u00a0\u00bb row_type=\u00a0\u00bbrow\u00a0\u00bb use_row_as_full_screen_section=\u00a0\u00bbno\u00a0\u00bb type=\u00a0\u00bbfull_width\u00a0\u00bb angled_section=\u00a0\u00bbno\u00a0\u00bb text_align=\u00a0\u00bbleft\u00a0\u00bb background_image_as_pattern=\u00a0\u00bbwithout_pattern\u00a0\u00bb][vc_column][\/vc_column][\/vc_row]<\/p>\n","protected":false},"author":2,"featured_media":0,"parent":0,"menu_order":0,"comment_status":"closed","ping_status":"closed","template":"","meta":{"footnotes":""},"class_list":["post-1651","page","type-page","status-publish","hentry"],"yoast_head":"<!-- This site is optimized with the Yoast SEO plugin v27.3 - https:\/\/yoast.com\/product\/yoast-seo-wordpress\/ -->\n<title>Blog - Louer un chalet, un condo \u00e0 Tremblant<\/title>\n<meta name=\"description\" content=\"Blog - Location de chalets et de condos Club Privilege Mont Tremblant, Laurentides\" \/>\n<meta name=\"robots\" content=\"index, follow, max-snippet:-1, max-image-preview:large, max-video-preview:-1\" \/>\n<link rel=\"canonical\" href=\"https:\/\/privilegemonttremblant.com\/fr\/blogue\/\" \/>\n<meta property=\"og:locale\" content=\"fr_FR\" \/>\n<meta property=\"og:type\" content=\"article\" \/>\n<meta property=\"og:title\" content=\"Blog - Louer un chalet, un condo \u00e0 Tremblant\" \/>\n<meta property=\"og:description\" content=\"Blog - Location de chalets et de condos Club Privilege Mont Tremblant, Laurentides\" \/>\n<meta property=\"og:url\" content=\"https:\/\/privilegemonttremblant.com\/fr\/blogue\/\" \/>\n<meta property=\"og:site_name\" content=\"Club Privil\u00e8ge Mont-Tremblant\" \/>\n<meta property=\"article:publisher\" content=\"https:\/\/www.facebook.com\/LeClubPrivilegeTremblant\" \/>\n<meta property=\"article:modified_time\" content=\"2026-04-10T04:53:29+00:00\" \/>\n<meta name=\"twitter:card\" content=\"summary_large_image\" \/>\n<meta name=\"twitter:label1\" content=\"Dur\u00e9e de lecture estim\u00e9e\" \/>\n\t<meta name=\"twitter:data1\" content=\"1 minute\" \/>\n<script type=\"application\/ld+json\" class=\"yoast-schema-graph\">{\"@context\":\"https:\\\/\\\/schema.org\",\"@graph\":[{\"@type\":\"WebPage\",\"@id\":\"https:\\\/\\\/privilegemonttremblant.com\\\/fr\\\/blogue\\\/\",\"url\":\"https:\\\/\\\/privilegemonttremblant.com\\\/fr\\\/blogue\\\/\",\"name\":\"Blog - Louer un chalet, un condo \u00e0 Tremblant\",\"isPartOf\":{\"@id\":\"https:\\\/\\\/privilegemonttremblant.com\\\/#website\"},\"datePublished\":\"2025-09-10T05:26:25+00:00\",\"dateModified\":\"2026-04-10T04:53:29+00:00\",\"description\":\"Blog - Location de chalets et de condos Club Privilege Mont Tremblant, Laurentides\",\"breadcrumb\":{\"@id\":\"https:\\\/\\\/privilegemonttremblant.com\\\/fr\\\/blogue\\\/#breadcrumb\"},\"inLanguage\":\"fr-FR\",\"potentialAction\":[{\"@type\":\"ReadAction\",\"target\":[\"https:\\\/\\\/privilegemonttremblant.com\\\/fr\\\/blogue\\\/\"]}]},{\"@type\":\"BreadcrumbList\",\"@id\":\"https:\\\/\\\/privilegemonttremblant.com\\\/fr\\\/blogue\\\/#breadcrumb\",\"itemListElement\":[{\"@type\":\"ListItem\",\"position\":1,\"name\":\"Home\",\"item\":\"https:\\\/\\\/privilegemonttremblant.com\\\/fr\\\/\"},{\"@type\":\"ListItem\",\"position\":2,\"name\":\"Blog\"}]},{\"@type\":\"WebSite\",\"@id\":\"https:\\\/\\\/privilegemonttremblant.com\\\/#website\",\"url\":\"https:\\\/\\\/privilegemonttremblant.com\\\/\",\"name\":\"Club Privil\u00e8ge Mont-Tremblant\",\"description\":\"\",\"publisher\":{\"@id\":\"https:\\\/\\\/privilegemonttremblant.com\\\/#organization\"},\"potentialAction\":[{\"@type\":\"SearchAction\",\"target\":{\"@type\":\"EntryPoint\",\"urlTemplate\":\"https:\\\/\\\/privilegemonttremblant.com\\\/?s={search_term_string}\"},\"query-input\":{\"@type\":\"PropertyValueSpecification\",\"valueRequired\":true,\"valueName\":\"search_term_string\"}}],\"inLanguage\":\"fr-FR\"},{\"@type\":\"Organization\",\"@id\":\"https:\\\/\\\/privilegemonttremblant.com\\\/#organization\",\"name\":\"Club Privil\u00e8ge Mont-Tremblant\",\"url\":\"https:\\\/\\\/privilegemonttremblant.com\\\/\",\"logo\":{\"@type\":\"ImageObject\",\"inLanguage\":\"fr-FR\",\"@id\":\"https:\\\/\\\/privilegemonttremblant.com\\\/#\\\/schema\\\/logo\\\/image\\\/\",\"url\":\"https:\\\/\\\/privilegemonttremblant.com\\\/wp-content\\\/uploads\\\/2023\\\/03\\\/logo.png\",\"contentUrl\":\"https:\\\/\\\/privilegemonttremblant.com\\\/wp-content\\\/uploads\\\/2023\\\/03\\\/logo.png\",\"width\":532,\"height\":130,\"caption\":\"Club Privil\u00e8ge Mont-Tremblant\"},\"image\":{\"@id\":\"https:\\\/\\\/privilegemonttremblant.com\\\/#\\\/schema\\\/logo\\\/image\\\/\"},\"sameAs\":[\"https:\\\/\\\/www.facebook.com\\\/LeClubPrivilegeTremblant\",\"https:\\\/\\\/www.instagram.com\\\/clubprivilegetremblant\\\/\"]}]}<\/script>\n<!-- \/ Yoast SEO plugin. -->","yoast_head_json":{"title":"Blog - Louer un chalet, un condo \u00e0 Tremblant","description":"Blog - Location de chalets et de condos Club Privilege Mont Tremblant, Laurentides","robots":{"index":"index","follow":"follow","max-snippet":"max-snippet:-1","max-image-preview":"max-image-preview:large","max-video-preview":"max-video-preview:-1"},"canonical":"https:\/\/privilegemonttremblant.com\/fr\/blogue\/","og_locale":"fr_FR","og_type":"article","og_title":"Blog - Louer un chalet, un condo \u00e0 Tremblant","og_description":"Blog - Location de chalets et de condos Club Privilege Mont Tremblant, Laurentides","og_url":"https:\/\/privilegemonttremblant.com\/fr\/blogue\/","og_site_name":"Club Privil\u00e8ge Mont-Tremblant","article_publisher":"https:\/\/www.facebook.com\/LeClubPrivilegeTremblant","article_modified_time":"2026-04-10T04:53:29+00:00","twitter_card":"summary_large_image","twitter_misc":{"Dur\u00e9e de lecture estim\u00e9e":"1 minute"},"schema":{"@context":"https:\/\/schema.org","@graph":[{"@type":"WebPage","@id":"https:\/\/privilegemonttremblant.com\/fr\/blogue\/","url":"https:\/\/privilegemonttremblant.com\/fr\/blogue\/","name":"Blog - Louer un chalet, un condo \u00e0 Tremblant","isPartOf":{"@id":"https:\/\/privilegemonttremblant.com\/#website"},"datePublished":"2025-09-10T05:26:25+00:00","dateModified":"2026-04-10T04:53:29+00:00","description":"Blog - Location de chalets et de condos Club Privilege Mont Tremblant, Laurentides","breadcrumb":{"@id":"https:\/\/privilegemonttremblant.com\/fr\/blogue\/#breadcrumb"},"inLanguage":"fr-FR","potentialAction":[{"@type":"ReadAction","target":["https:\/\/privilegemonttremblant.com\/fr\/blogue\/"]}]},{"@type":"BreadcrumbList","@id":"https:\/\/privilegemonttremblant.com\/fr\/blogue\/#breadcrumb","itemListElement":[{"@type":"ListItem","position":1,"name":"Home","item":"https:\/\/privilegemonttremblant.com\/fr\/"},{"@type":"ListItem","position":2,"name":"Blog"}]},{"@type":"WebSite","@id":"https:\/\/privilegemonttremblant.com\/#website","url":"https:\/\/privilegemonttremblant.com\/","name":"Club Privil\u00e8ge Mont-Tremblant","description":"","publisher":{"@id":"https:\/\/privilegemonttremblant.com\/#organization"},"potentialAction":[{"@type":"SearchAction","target":{"@type":"EntryPoint","urlTemplate":"https:\/\/privilegemonttremblant.com\/?s={search_term_string}"},"query-input":{"@type":"PropertyValueSpecification","valueRequired":true,"valueName":"search_term_string"}}],"inLanguage":"fr-FR"},{"@type":"Organization","@id":"https:\/\/privilegemonttremblant.com\/#organization","name":"Club Privil\u00e8ge Mont-Tremblant","url":"https:\/\/privilegemonttremblant.com\/","logo":{"@type":"ImageObject","inLanguage":"fr-FR","@id":"https:\/\/privilegemonttremblant.com\/#\/schema\/logo\/image\/","url":"https:\/\/privilegemonttremblant.com\/wp-content\/uploads\/2023\/03\/logo.png","contentUrl":"https:\/\/privilegemonttremblant.com\/wp-content\/uploads\/2023\/03\/logo.png","width":532,"height":130,"caption":"Club Privil\u00e8ge Mont-Tremblant"},"image":{"@id":"https:\/\/privilegemonttremblant.com\/#\/schema\/logo\/image\/"},"sameAs":["https:\/\/www.facebook.com\/LeClubPrivilegeTremblant","https:\/\/www.instagram.com\/clubprivilegetremblant\/"]}]}},"acf":[],"_links":{"self":[{"href":"https:\/\/privilegemonttremblant.com\/fr\/wp-json\/wp\/v2\/pages\/1651","targetHints":{"allow":["GET"]}}],"collection":[{"href":"https:\/\/privilegemonttremblant.com\/fr\/wp-json\/wp\/v2\/pages"}],"about":[{"href":"https:\/\/privilegemonttremblant.com\/fr\/wp-json\/wp\/v2\/types\/page"}],"author":[{"embeddable":true,"href":"https:\/\/privilegemonttremblant.com\/fr\/wp-json\/wp\/v2\/users\/2"}],"replies":[{"embeddable":true,"href":"https:\/\/privilegemonttremblant.com\/fr\/wp-json\/wp\/v2\/comments?post=1651"}],"version-history":[{"count":6,"href":"https:\/\/privilegemonttremblant.com\/fr\/wp-json\/wp\/v2\/pages\/1651\/revisions"}],"predecessor-version":[{"id":1848,"href":"https:\/\/privilegemonttremblant.com\/fr\/wp-json\/wp\/v2\/pages\/1651\/revisions\/1848"}],"wp:attachment":[{"href":"https:\/\/privilegemonttremblant.com\/fr\/wp-json\/wp\/v2\/media?parent=1651"}],"curies":[{"name":"wp","href":"https:\/\/api.w.org\/{rel}","templated":true}]}}