{"id":1372,"date":"2025-08-01T12:03:52","date_gmt":"2025-08-01T12:03:52","guid":{"rendered":"https:\/\/clubprivilegemonttremblant.com\/?page_id=1372"},"modified":"2025-12-11T09:29:31","modified_gmt":"2025-12-11T09:29:31","slug":"commodites-et-services","status":"publish","type":"page","link":"https:\/\/privilegemonttremblant.com\/fr\/commodites-et-services\/","title":{"rendered":"Commodit\u00e9s et services"},"content":{"rendered":"<p>[vc_row css_animation=\u00a0\u00bb\u00a0\u00bb row_type=\u00a0\u00bbrow\u00a0\u00bb use_row_as_full_screen_section=\u00a0\u00bbno\u00a0\u00bb type=\u00a0\u00bbgrid\u00a0\u00bb angled_section=\u00a0\u00bbno\u00a0\u00bb text_align=\u00a0\u00bbleft\u00a0\u00bb background_image_as_pattern=\u00a0\u00bbwithout_pattern\u00a0\u00bb z_index=\u00a0\u00bb\u00a0\u00bb][vc_column][vc_column_text]Au c\u0153ur de la r\u00e9gion de Mont-Tremblant, nous sommes b\u00e9nies d\u2019une histoire culturelle riche et d\u2019un magnifique paysage de montagne qui transforme toute visite ici en un plaisir absolu.<br \/>\nQue vous veniez \u00e0 Tremblant pour sa majestueuse montagne de ski avec une vue imprenable sur les Laurentides ou pour vivre une exp\u00e9rience unique sur deux des meilleurs terrains de golf au Qu\u00e9bec, vous serez enchant\u00e9 par la chaleur et l&rsquo;authenticit\u00e9 de notre destination quatre saisons unique au monde.<\/p>\n<h3>VOUS \u00caTES INVIT\u00c9S \u00c0 PROFITER DE NOS COMMODIT\u00c9S ET SERVICES POUR VOTRE CONFORT ET VOTRE PLAISIR.<\/h3>\n<p>[\/vc_column_text][\/vc_column][\/vc_row][vc_row row_type=\u00a0\u00bbparallax\u00a0\u00bb parallax_content_width=\u00a0\u00bbin_grid\u00a0\u00bb text_align=\u00a0\u00bbleft\u00a0\u00bb full_screen_section_height=\u00a0\u00bbno\u00a0\u00bb background_image=\u00a0\u00bb170&Prime; section_height=\u00a0\u00bb700&Prime;][vc_column][\/vc_column][\/vc_row][vc_row css_animation=\u00a0\u00bb\u00a0\u00bb row_type=\u00a0\u00bbrow\u00a0\u00bb use_row_as_full_screen_section=\u00a0\u00bbno\u00a0\u00bb type=\u00a0\u00bbgrid\u00a0\u00bb angled_section=\u00a0\u00bbno\u00a0\u00bb text_align=\u00a0\u00bbleft\u00a0\u00bb background_image_as_pattern=\u00a0\u00bbwithout_pattern\u00a0\u00bb el_class=\u00a0\u00bbrow-amenty\u00a0\u00bb z_index=\u00a0\u00bb\u00a0\u00bb][vc_column][vc_column_text el_class=\u00a0\u00bbonsite\u00a0\u00bb]<\/p>\n<h3>SERVICES SUR PLACE<\/h3>\n<ul class=\"anim-series series-up col-3\">\n<li>Piscine ext\u00e9rieure chauff\u00e9e<\/li>\n<li>Chaises longues<\/li>\n<li>Lac priv\u00e9 : Lac Moore<\/li>\n<li>P\u00e9dalos<\/li>\n<li>Cano\u00ebs<\/li>\n<li>Planches \u00e0 pagaie<\/li>\n<li>Laveuse et s\u00e9cheuse \u00e0 pi\u00e8ces<\/li>\n<li>Acc\u00e8s Internet<\/li>\n<li>Service de m\u00e9nage<\/li>\n<li>Stationnement sur place<\/li>\n<\/ul>\n<p>[\/vc_column_text][\/vc_column][\/vc_row][vc_row row_type=\u00a0\u00bbparallax\u00a0\u00bb parallax_content_width=\u00a0\u00bbin_grid\u00a0\u00bb text_align=\u00a0\u00bbleft\u00a0\u00bb full_screen_section_height=\u00a0\u00bbno\u00a0\u00bb background_image=\u00a0\u00bb174&Prime; section_height=\u00a0\u00bb700&Prime;][vc_column][\/vc_column][\/vc_row][vc_row css_animation=\u00a0\u00bb\u00a0\u00bb row_type=\u00a0\u00bbrow\u00a0\u00bb use_row_as_full_screen_section=\u00a0\u00bbno\u00a0\u00bb type=\u00a0\u00bbgrid\u00a0\u00bb angled_section=\u00a0\u00bbno\u00a0\u00bb text_align=\u00a0\u00bbleft\u00a0\u00bb background_image_as_pattern=\u00a0\u00bbwithout_pattern\u00a0\u00bb el_class=\u00a0\u00bbrow-amenty\u00a0\u00bb z_index=\u00a0\u00bb\u00a0\u00bb][vc_column][vc_column_text el_class=\u00a0\u00bbactivities\u00a0\u00bb]<\/p>\n<h3>ACTIVIT\u00c9S SUR PLACE<\/h3>\n<ul class=\"anim-series series-up col-3\">\n<li>Natation<\/li>\n<li>Bains de soleil<\/li>\n<li>Promenades en bateau<\/li>\n<li>Activit\u00e9s nautiques<\/li>\n<li>Terrain de jeux<\/li>\n<\/ul>\n<p>[\/vc_column_text][\/vc_column][\/vc_row][vc_row row_type=\u00a0\u00bbparallax\u00a0\u00bb parallax_content_width=\u00a0\u00bbin_grid\u00a0\u00bb text_align=\u00a0\u00bbleft\u00a0\u00bb full_screen_section_height=\u00a0\u00bbno\u00a0\u00bb background_image=\u00a0\u00bb180&Prime; section_height=\u00a0\u00bb700&Prime;][vc_column][\/vc_column][\/vc_row][vc_row css_animation=\u00a0\u00bb\u00a0\u00bb row_type=\u00a0\u00bbrow\u00a0\u00bb use_row_as_full_screen_section=\u00a0\u00bbno\u00a0\u00bb type=\u00a0\u00bbgrid\u00a0\u00bb angled_section=\u00a0\u00bbno\u00a0\u00bb text_align=\u00a0\u00bbleft\u00a0\u00bb background_image_as_pattern=\u00a0\u00bbwithout_pattern\u00a0\u00bb el_class=\u00a0\u00bbrow-amenty\u00a0\u00bb z_index=\u00a0\u00bb\u00a0\u00bb][vc_column][vc_column_text el_class=\u00a0\u00bbnearby5s\u00a0\u00bb]<\/p>\n<h3>SERVICES \u00c0 PROXIMIT\u00c9 &#8211; \u00c0 MOINS DE 5 KILOM\u00c8TRES<\/h3>\n<ul class=\"anim-series series-up col-3\">\n<li>Autobus gratuits<\/li>\n<li>Boutique de souvenirs<\/li>\n<li>\u00c9tablissements m\u00e9dicaux<\/li>\n<li>Services religieux<\/li>\n<li>Pharmacie<\/li>\n<li>Spas et Massages<\/li>\n<li>Taxi abordable et location de voiture<\/li>\n<li>\u00c9piceries<\/li>\n<\/ul>\n<p>[\/vc_column_text][\/vc_column][\/vc_row][vc_row row_type=\u00a0\u00bbparallax\u00a0\u00bb parallax_content_width=\u00a0\u00bbin_grid\u00a0\u00bb text_align=\u00a0\u00bbleft\u00a0\u00bb full_screen_section_height=\u00a0\u00bbno\u00a0\u00bb background_image=\u00a0\u00bb177&Prime; section_height=\u00a0\u00bb700&Prime; el_class=\u00a0\u00bbskiman\u00a0\u00bb][vc_column][\/vc_column][\/vc_row][vc_row css_animation=\u00a0\u00bb\u00a0\u00bb row_type=\u00a0\u00bbrow\u00a0\u00bb use_row_as_full_screen_section=\u00a0\u00bbno\u00a0\u00bb type=\u00a0\u00bbgrid\u00a0\u00bb angled_section=\u00a0\u00bbno\u00a0\u00bb text_align=\u00a0\u00bbleft\u00a0\u00bb background_image_as_pattern=\u00a0\u00bbwithout_pattern\u00a0\u00bb el_class=\u00a0\u00bbrow-amenty\u00a0\u00bb z_index=\u00a0\u00bb\u00a0\u00bb][vc_column][vc_column_text el_class=\u00a0\u00bbnearby5a\u00a0\u00bb]<\/p>\n<h3>ACTIVIT\u00c9S, \u00c0 PROXIMIT\u00c9 \u00c0 MOINS DE 5 KILOM\u00c8TRES<\/h3>\n<ul class=\"anim-series series-up col-3\">\n<li>Pistes cyclables<\/li>\n<li>Plage<\/li>\n<li>Randonn\u00e9e<\/li>\n<li>Escalade<\/li>\n<li>V\u00e9lo de montagne<\/li>\n<li>6 Terrains de golf<\/li>\n<li>Station de ski Tremblant et commerces<\/li>\n<li>\u00c9quitation<\/li>\n<li>Parc national<\/li>\n<li>T\u00e9l\u00e9cabine panoramique<\/li>\n<li>Tours en h\u00e9licopt\u00e8re<\/li>\n<li>Vie nocturne<\/li>\n<li>Spectacles de lumi\u00e8res<\/li>\n<li>Escape rooms \/ Salles d\u2019\u00e9vasion<\/li>\n<li>Exp\u00e9rience VR<\/li>\n<li>Magasinage<\/li>\n<li>Plus de 30 restaurants<\/li>\n<li>Spas<\/li>\n<li>Casino Mont-Tremblant<\/li>\n<li>Des dizaines de festivals tout au long de l&rsquo;ann\u00e9e<\/li>\n<li>Ski &#8211; Descente<\/li>\n<li>Ski &#8211; Ski de fond<\/li>\n<li>Promenades en tra\u00eeneau<\/li>\n<li>Planche \u00e0 neige<\/li>\n<li>Plage et Club de Tennis<\/li>\n<li>P\u00eache<\/li>\n<li>Cano\u00eb et kayak<\/li>\n<li>Tours en bateau<\/li>\n<li>Rafting<\/li>\n<li>Activit\u00e9s motoris\u00e9es<\/li>\n<li>Natation<\/li>\n<li>Voile<\/li>\n<li>Tyroliennes<\/li>\n<li>Activit\u00e9s pour Enfants<\/li>\n<li>Paintball<\/li>\n<\/ul>\n<p>[\/vc_column_text][\/vc_column][\/vc_row][vc_row css_animation=\u00a0\u00bb\u00a0\u00bb row_type=\u00a0\u00bbrow\u00a0\u00bb use_row_as_full_screen_section=\u00a0\u00bbno\u00a0\u00bb type=\u00a0\u00bbfull_width\u00a0\u00bb angled_section=\u00a0\u00bbno\u00a0\u00bb text_align=\u00a0\u00bbleft\u00a0\u00bb background_image_as_pattern=\u00a0\u00bbwithout_pattern\u00a0\u00bb el_class=\u00a0\u00bbtooltip-animate\u00a0\u00bb z_index=\u00a0\u00bb\u00a0\u00bb][vc_column width=\u00a0\u00bb1\/4&Prime;]<div class=\"qode-giwt\">\n    <div class=\"qode-giwt-inner qode-type1-gradient-bottom-to-top-text-hover\">\n                    <span class=\"qode-giwt-icon-holder\">\n                <span data-type=\"normal\"  class=\"qode_icon_shortcode  q_font_awsome_icon fa-4x  \" style=\" \"><i class=\"qode_icon_font_awesome fa fa-user-circle qode_icon_element\" style=\"color: #000000;\" ><\/i><\/span>            <\/span>\n                <div class=\"qode-giwt-content-holder\">\n            <div class=\"qode-giwt-title-holder\">\n                <h6 >\n                                            D\u00e9couvrez votre escapade parfaite en toute saison.                                    <\/h6>\n            <\/div>\n        <\/div>\n    <\/div>\n<\/div>[\/vc_column][vc_column width=\u00a0\u00bb1\/4&Prime;]<div class=\"qode-giwt\">\n    <div class=\"qode-giwt-inner qode-type1-gradient-bottom-to-top-text-hover\">\n                    <span class=\"qode-giwt-icon-holder\">\n                <span data-type=\"normal\"  class=\"qode_icon_shortcode  q_font_awsome_icon fa-4x  \" style=\" \"><span aria-hidden=\"true\" class=\"qode-icon-kiko kikol kiko-bike qode_icon_element\" style=\"color: #000000;\" ><\/span><\/span>            <\/span>\n                <div class=\"qode-giwt-content-holder\">\n            <div class=\"qode-giwt-title-holder\">\n                <h6 >\n                                            D\u00e9couvrez votre escapade parfaite en toute saison.                                    <\/h6>\n            <\/div>\n        <\/div>\n    <\/div>\n<\/div>[\/vc_column][vc_column width=\u00a0\u00bb1\/4&Prime;]<div class=\"qode-giwt\">\n    <div class=\"qode-giwt-inner qode-type1-gradient-bottom-to-top-text-hover\">\n                    <span class=\"qode-giwt-icon-holder\">\n                <span data-type=\"normal\"  class=\"qode_icon_shortcode  q_font_awsome_icon fa-4x  \" style=\" \"><span aria-hidden=\"true\" class=\"qode_icon_font_elegant icon_heart qode_icon_element\" style=\"color: #000000;\" ><\/span><\/span>            <\/span>\n                <div class=\"qode-giwt-content-holder\">\n            <div class=\"qode-giwt-title-holder\">\n                <h6 >\n                                            D\u00e9couvrez votre escapade parfaite en toute saison.                                    <\/h6>\n            <\/div>\n        <\/div>\n    <\/div>\n<\/div>[\/vc_column][vc_column width=\u00a0\u00bb1\/4&Prime;]<div class=\"qode-giwt\">\n    <div class=\"qode-giwt-inner qode-type1-gradient-bottom-to-top-text-hover\">\n                    <span class=\"qode-giwt-icon-holder\">\n                <span data-type=\"normal\"  class=\"qode_icon_shortcode  q_font_awsome_icon fa-4x  \" style=\" \"><i class=\"qode_icon_font_awesome fa fa-user-circle qode_icon_element\" style=\"color: #000000;\" ><\/i><\/span>            <\/span>\n                <div class=\"qode-giwt-content-holder\">\n            <div class=\"qode-giwt-title-holder\">\n                <h6 >\n                                            D\u00e9couvrez votre escapade parfaite en toute saison.                                    <\/h6>\n            <\/div>\n        <\/div>\n    <\/div>\n<\/div>[\/vc_column][\/vc_row][vc_row css_animation=\u00a0\u00bb\u00a0\u00bb row_type=\u00a0\u00bbrow\u00a0\u00bb use_row_as_full_screen_section=\u00a0\u00bbno\u00a0\u00bb type=\u00a0\u00bbfull_width\u00a0\u00bb angled_section=\u00a0\u00bbno\u00a0\u00bb text_align=\u00a0\u00bbleft\u00a0\u00bb background_image_as_pattern=\u00a0\u00bbwithout_pattern\u00a0\u00bb el_class=\u00a0\u00bbtooltip-animate\u00a0\u00bb z_index=\u00a0\u00bb\u00a0\u00bb][vc_column width=\u00a0\u00bb1\/4&Prime;]<div class=\"qode-giwt\">\n    <div class=\"qode-giwt-inner qode-type1-gradient-bottom-to-top-text-hover\">\n                    <span class=\"qode-giwt-icon-holder\">\n                <span data-type=\"normal\"  class=\"qode_icon_shortcode  q_font_awsome_icon fa-4x  \" style=\" \"><i class=\"qodef-icon-dripicons dripicon dripicons-basketball qode_icon_element\" style=\"color: #000000;\" ><\/i><\/span>            <\/span>\n                <div class=\"qode-giwt-content-holder\">\n            <div class=\"qode-giwt-title-holder\">\n                <h6 >\n                                            D\u00e9couvrez votre escapade parfaite en toute saison.                                    <\/h6>\n            <\/div>\n        <\/div>\n    <\/div>\n<\/div>[\/vc_column][vc_column width=\u00a0\u00bb1\/4&Prime;]<div class=\"qode-giwt\">\n    <div class=\"qode-giwt-inner qode-type1-gradient-bottom-to-top-text-hover\">\n                    <span class=\"qode-giwt-icon-holder\">\n                <span data-type=\"normal\"  class=\"qode_icon_shortcode  q_font_awsome_icon fa-4x  \" style=\" \"><i class=\"qodef-icon-dripicons dripicon dripicons-location qode_icon_element\" style=\"color: #000000;\" ><\/i><\/span>            <\/span>\n                <div class=\"qode-giwt-content-holder\">\n            <div class=\"qode-giwt-title-holder\">\n                <h6 >\n                                            D\u00e9couvrez votre escapade parfaite en toute saison.                                    <\/h6>\n            <\/div>\n        <\/div>\n    <\/div>\n<\/div>[\/vc_column][vc_column width=\u00a0\u00bb1\/4&Prime;]<div class=\"qode-giwt\">\n    <div class=\"qode-giwt-inner qode-type1-gradient-bottom-to-top-text-hover\">\n                    <span class=\"qode-giwt-icon-holder\">\n                <span data-type=\"normal\"  class=\"qode_icon_shortcode  q_font_awsome_icon fa-4x  \" style=\" \"><i class=\"qode_icon_font_awesome fa fa-user-circle qode_icon_element\" style=\"color: #000000;\" ><\/i><\/span>            <\/span>\n                <div class=\"qode-giwt-content-holder\">\n            <div class=\"qode-giwt-title-holder\">\n                <h6 >\n                                            D\u00e9couvrez votre escapade parfaite en toute saison.                                    <\/h6>\n            <\/div>\n        <\/div>\n    <\/div>\n<\/div>[\/vc_column][vc_column width=\u00a0\u00bb1\/4&Prime;]<div class=\"qode-giwt\">\n    <div class=\"qode-giwt-inner qode-type1-gradient-bottom-to-top-text-hover\">\n                    <span class=\"qode-giwt-icon-holder\">\n                <span data-type=\"normal\"  class=\"qode_icon_shortcode  q_font_awsome_icon fa-4x  \" style=\" \"><i class=\"qode_icon_font_awesome fa fa-user-circle qode_icon_element\" style=\"color: #000000;\" ><\/i><\/span>            <\/span>\n                <div class=\"qode-giwt-content-holder\">\n            <div class=\"qode-giwt-title-holder\">\n                <h6 >\n                                            D\u00e9couvrez votre escapade parfaite en toute saison.                                    <\/h6>\n            <\/div>\n        <\/div>\n    <\/div>\n<\/div>[\/vc_column][\/vc_row][vc_row css_animation=\u00a0\u00bb\u00a0\u00bb row_type=\u00a0\u00bbrow\u00a0\u00bb use_row_as_full_screen_section=\u00a0\u00bbno\u00a0\u00bb type=\u00a0\u00bbfull_width\u00a0\u00bb angled_section=\u00a0\u00bbno\u00a0\u00bb text_align=\u00a0\u00bbleft\u00a0\u00bb background_image_as_pattern=\u00a0\u00bbwithout_pattern\u00a0\u00bb el_class=\u00a0\u00bbgallery-section\u00a0\u00bb z_index=\u00a0\u00bb\u00a0\u00bb][vc_column][vc_gallery type=\u00a0\u00bbimage_grid\u00a0\u00bb images=\u00a0\u00bb1376,1391,1378,1395,1380,1389,1383,1385,1387,1393&Prime; column_number=\u00a0\u00bb4&Prime; grayscale=\u00a0\u00bbno\u00a0\u00bb images_space=\u00a0\u00bbgallery_with_space\u00a0\u00bb][\/vc_column][\/vc_row]<\/p>\n","protected":false},"excerpt":{"rendered":"<p>[vc_row css_animation=\u00a0\u00bb\u00a0\u00bb row_type=\u00a0\u00bbrow\u00a0\u00bb use_row_as_full_screen_section=\u00a0\u00bbno\u00a0\u00bb type=\u00a0\u00bbgrid\u00a0\u00bb angled_section=\u00a0\u00bbno\u00a0\u00bb text_align=\u00a0\u00bbleft\u00a0\u00bb background_image_as_pattern=\u00a0\u00bbwithout_pattern\u00a0\u00bb z_index=\u00a0\u00bb\u00a0\u00bb][vc_column][vc_column_text]Au c\u0153ur de la r\u00e9gion de Mont-Tremblant, nous sommes b\u00e9nies d\u2019une histoire culturelle riche et d\u2019un magnifique paysage de montagne qui transforme toute visite ici en un plaisir absolu. Que vous veniez \u00e0 Tremblant pour sa majestueuse&#8230;<\/p>\n","protected":false},"author":2,"featured_media":634,"parent":0,"menu_order":0,"comment_status":"closed","ping_status":"closed","template":"full_width.php","meta":{"footnotes":""},"class_list":["post-1372","page","type-page","status-publish","has-post-thumbnail","hentry"],"yoast_head":"<!-- This site is optimized with the Yoast SEO plugin v27.5 - https:\/\/yoast.com\/product\/yoast-seo-wordpress\/ -->\n<title>Commodit\u00e9s et services - Louer un chalet, un condo \u00e0 Tremblant<\/title>\n<meta name=\"description\" content=\"Commodit\u00e9s et services - Location de chalets et de condos Club Privilege Mont Tremblant, Laurentides\" \/>\n<meta name=\"robots\" content=\"index, follow, max-snippet:-1, max-image-preview:large, max-video-preview:-1\" \/>\n<link rel=\"canonical\" href=\"https:\/\/privilegemonttremblant.com\/fr\/commodites-et-services\/\" \/>\n<meta property=\"og:locale\" content=\"fr_FR\" \/>\n<meta property=\"og:type\" content=\"article\" \/>\n<meta property=\"og:title\" content=\"Commodit\u00e9s et services - Louer un chalet, un condo \u00e0 Tremblant\" \/>\n<meta property=\"og:description\" content=\"Commodit\u00e9s et services - Location de chalets et de condos Club Privilege Mont Tremblant, Laurentides\" \/>\n<meta property=\"og:url\" content=\"https:\/\/privilegemonttremblant.com\/fr\/commodites-et-services\/\" \/>\n<meta property=\"og:site_name\" content=\"Club Privil\u00e8ge Mont-Tremblant\" \/>\n<meta property=\"article:publisher\" content=\"https:\/\/www.facebook.com\/LeClubPrivilegeTremblant\" \/>\n<meta property=\"article:modified_time\" content=\"2025-12-11T09:29:31+00:00\" \/>\n<meta property=\"og:image\" content=\"https:\/\/privilegemonttremblant.com\/wp-content\/uploads\/2023\/03\/child-playing-in-swimming-pool.jpg\" \/>\n\t<meta property=\"og:image:width\" content=\"1920\" \/>\n\t<meta property=\"og:image:height\" content=\"1080\" \/>\n\t<meta property=\"og:image:type\" content=\"image\/jpeg\" \/>\n<meta name=\"twitter:card\" content=\"summary_large_image\" \/>\n<meta name=\"twitter:label1\" content=\"Dur\u00e9e de lecture estim\u00e9e\" \/>\n\t<meta name=\"twitter:data1\" content=\"6 minutes\" \/>\n<script type=\"application\/ld+json\" class=\"yoast-schema-graph\">{\"@context\":\"https:\\\/\\\/schema.org\",\"@graph\":[{\"@type\":\"WebPage\",\"@id\":\"https:\\\/\\\/privilegemonttremblant.com\\\/fr\\\/commodites-et-services\\\/\",\"url\":\"https:\\\/\\\/privilegemonttremblant.com\\\/fr\\\/commodites-et-services\\\/\",\"name\":\"Commodit\u00e9s et services - Louer un chalet, un condo \u00e0 Tremblant\",\"isPartOf\":{\"@id\":\"https:\\\/\\\/privilegemonttremblant.com\\\/#website\"},\"primaryImageOfPage\":{\"@id\":\"https:\\\/\\\/privilegemonttremblant.com\\\/fr\\\/commodites-et-services\\\/#primaryimage\"},\"image\":{\"@id\":\"https:\\\/\\\/privilegemonttremblant.com\\\/fr\\\/commodites-et-services\\\/#primaryimage\"},\"thumbnailUrl\":\"https:\\\/\\\/privilegemonttremblant.com\\\/wp-content\\\/uploads\\\/2023\\\/03\\\/child-playing-in-swimming-pool.jpg\",\"datePublished\":\"2025-08-01T12:03:52+00:00\",\"dateModified\":\"2025-12-11T09:29:31+00:00\",\"description\":\"Commodit\u00e9s et services - Location de chalets et de condos Club Privilege Mont Tremblant, Laurentides\",\"breadcrumb\":{\"@id\":\"https:\\\/\\\/privilegemonttremblant.com\\\/fr\\\/commodites-et-services\\\/#breadcrumb\"},\"inLanguage\":\"fr-FR\",\"potentialAction\":[{\"@type\":\"ReadAction\",\"target\":[\"https:\\\/\\\/privilegemonttremblant.com\\\/fr\\\/commodites-et-services\\\/\"]}]},{\"@type\":\"ImageObject\",\"inLanguage\":\"fr-FR\",\"@id\":\"https:\\\/\\\/privilegemonttremblant.com\\\/fr\\\/commodites-et-services\\\/#primaryimage\",\"url\":\"https:\\\/\\\/privilegemonttremblant.com\\\/wp-content\\\/uploads\\\/2023\\\/03\\\/child-playing-in-swimming-pool.jpg\",\"contentUrl\":\"https:\\\/\\\/privilegemonttremblant.com\\\/wp-content\\\/uploads\\\/2023\\\/03\\\/child-playing-in-swimming-pool.jpg\",\"width\":1920,\"height\":1080},{\"@type\":\"BreadcrumbList\",\"@id\":\"https:\\\/\\\/privilegemonttremblant.com\\\/fr\\\/commodites-et-services\\\/#breadcrumb\",\"itemListElement\":[{\"@type\":\"ListItem\",\"position\":1,\"name\":\"Home\",\"item\":\"http:\\\/\\\/privilegemonttremblant.com\\\/fr\\\/\"},{\"@type\":\"ListItem\",\"position\":2,\"name\":\"Commodit\u00e9s et services\"}]},{\"@type\":\"WebSite\",\"@id\":\"https:\\\/\\\/privilegemonttremblant.com\\\/#website\",\"url\":\"https:\\\/\\\/privilegemonttremblant.com\\\/\",\"name\":\"Club Privil\u00e8ge Mont-Tremblant\",\"description\":\"\",\"publisher\":{\"@id\":\"https:\\\/\\\/privilegemonttremblant.com\\\/#organization\"},\"potentialAction\":[{\"@type\":\"SearchAction\",\"target\":{\"@type\":\"EntryPoint\",\"urlTemplate\":\"https:\\\/\\\/privilegemonttremblant.com\\\/?s={search_term_string}\"},\"query-input\":{\"@type\":\"PropertyValueSpecification\",\"valueRequired\":true,\"valueName\":\"search_term_string\"}}],\"inLanguage\":\"fr-FR\"},{\"@type\":\"Organization\",\"@id\":\"https:\\\/\\\/privilegemonttremblant.com\\\/#organization\",\"name\":\"Club Privil\u00e8ge Mont-Tremblant\",\"url\":\"https:\\\/\\\/privilegemonttremblant.com\\\/\",\"logo\":{\"@type\":\"ImageObject\",\"inLanguage\":\"fr-FR\",\"@id\":\"https:\\\/\\\/privilegemonttremblant.com\\\/#\\\/schema\\\/logo\\\/image\\\/\",\"url\":\"https:\\\/\\\/privilegemonttremblant.com\\\/wp-content\\\/uploads\\\/2023\\\/03\\\/logo.png\",\"contentUrl\":\"https:\\\/\\\/privilegemonttremblant.com\\\/wp-content\\\/uploads\\\/2023\\\/03\\\/logo.png\",\"width\":532,\"height\":130,\"caption\":\"Club Privil\u00e8ge Mont-Tremblant\"},\"image\":{\"@id\":\"https:\\\/\\\/privilegemonttremblant.com\\\/#\\\/schema\\\/logo\\\/image\\\/\"},\"sameAs\":[\"https:\\\/\\\/www.facebook.com\\\/LeClubPrivilegeTremblant\",\"https:\\\/\\\/www.instagram.com\\\/clubprivilegetremblant\\\/\"]}]}<\/script>\n<!-- \/ Yoast SEO plugin. -->","yoast_head_json":{"title":"Commodit\u00e9s et services - Louer un chalet, un condo \u00e0 Tremblant","description":"Commodit\u00e9s et services - Location de chalets et de condos Club Privilege Mont Tremblant, Laurentides","robots":{"index":"index","follow":"follow","max-snippet":"max-snippet:-1","max-image-preview":"max-image-preview:large","max-video-preview":"max-video-preview:-1"},"canonical":"https:\/\/privilegemonttremblant.com\/fr\/commodites-et-services\/","og_locale":"fr_FR","og_type":"article","og_title":"Commodit\u00e9s et services - Louer un chalet, un condo \u00e0 Tremblant","og_description":"Commodit\u00e9s et services - Location de chalets et de condos Club Privilege Mont Tremblant, Laurentides","og_url":"https:\/\/privilegemonttremblant.com\/fr\/commodites-et-services\/","og_site_name":"Club Privil\u00e8ge Mont-Tremblant","article_publisher":"https:\/\/www.facebook.com\/LeClubPrivilegeTremblant","article_modified_time":"2025-12-11T09:29:31+00:00","og_image":[{"width":1920,"height":1080,"url":"https:\/\/privilegemonttremblant.com\/wp-content\/uploads\/2023\/03\/child-playing-in-swimming-pool.jpg","type":"image\/jpeg"}],"twitter_card":"summary_large_image","twitter_misc":{"Dur\u00e9e de lecture estim\u00e9e":"6 minutes"},"schema":{"@context":"https:\/\/schema.org","@graph":[{"@type":"WebPage","@id":"https:\/\/privilegemonttremblant.com\/fr\/commodites-et-services\/","url":"https:\/\/privilegemonttremblant.com\/fr\/commodites-et-services\/","name":"Commodit\u00e9s et services - Louer un chalet, un condo \u00e0 Tremblant","isPartOf":{"@id":"https:\/\/privilegemonttremblant.com\/#website"},"primaryImageOfPage":{"@id":"https:\/\/privilegemonttremblant.com\/fr\/commodites-et-services\/#primaryimage"},"image":{"@id":"https:\/\/privilegemonttremblant.com\/fr\/commodites-et-services\/#primaryimage"},"thumbnailUrl":"https:\/\/privilegemonttremblant.com\/wp-content\/uploads\/2023\/03\/child-playing-in-swimming-pool.jpg","datePublished":"2025-08-01T12:03:52+00:00","dateModified":"2025-12-11T09:29:31+00:00","description":"Commodit\u00e9s et services - Location de chalets et de condos Club Privilege Mont Tremblant, Laurentides","breadcrumb":{"@id":"https:\/\/privilegemonttremblant.com\/fr\/commodites-et-services\/#breadcrumb"},"inLanguage":"fr-FR","potentialAction":[{"@type":"ReadAction","target":["https:\/\/privilegemonttremblant.com\/fr\/commodites-et-services\/"]}]},{"@type":"ImageObject","inLanguage":"fr-FR","@id":"https:\/\/privilegemonttremblant.com\/fr\/commodites-et-services\/#primaryimage","url":"https:\/\/privilegemonttremblant.com\/wp-content\/uploads\/2023\/03\/child-playing-in-swimming-pool.jpg","contentUrl":"https:\/\/privilegemonttremblant.com\/wp-content\/uploads\/2023\/03\/child-playing-in-swimming-pool.jpg","width":1920,"height":1080},{"@type":"BreadcrumbList","@id":"https:\/\/privilegemonttremblant.com\/fr\/commodites-et-services\/#breadcrumb","itemListElement":[{"@type":"ListItem","position":1,"name":"Home","item":"http:\/\/privilegemonttremblant.com\/fr\/"},{"@type":"ListItem","position":2,"name":"Commodit\u00e9s et services"}]},{"@type":"WebSite","@id":"https:\/\/privilegemonttremblant.com\/#website","url":"https:\/\/privilegemonttremblant.com\/","name":"Club Privil\u00e8ge Mont-Tremblant","description":"","publisher":{"@id":"https:\/\/privilegemonttremblant.com\/#organization"},"potentialAction":[{"@type":"SearchAction","target":{"@type":"EntryPoint","urlTemplate":"https:\/\/privilegemonttremblant.com\/?s={search_term_string}"},"query-input":{"@type":"PropertyValueSpecification","valueRequired":true,"valueName":"search_term_string"}}],"inLanguage":"fr-FR"},{"@type":"Organization","@id":"https:\/\/privilegemonttremblant.com\/#organization","name":"Club Privil\u00e8ge Mont-Tremblant","url":"https:\/\/privilegemonttremblant.com\/","logo":{"@type":"ImageObject","inLanguage":"fr-FR","@id":"https:\/\/privilegemonttremblant.com\/#\/schema\/logo\/image\/","url":"https:\/\/privilegemonttremblant.com\/wp-content\/uploads\/2023\/03\/logo.png","contentUrl":"https:\/\/privilegemonttremblant.com\/wp-content\/uploads\/2023\/03\/logo.png","width":532,"height":130,"caption":"Club Privil\u00e8ge Mont-Tremblant"},"image":{"@id":"https:\/\/privilegemonttremblant.com\/#\/schema\/logo\/image\/"},"sameAs":["https:\/\/www.facebook.com\/LeClubPrivilegeTremblant","https:\/\/www.instagram.com\/clubprivilegetremblant\/"]}]}},"acf":[],"_links":{"self":[{"href":"https:\/\/privilegemonttremblant.com\/fr\/wp-json\/wp\/v2\/pages\/1372","targetHints":{"allow":["GET"]}}],"collection":[{"href":"https:\/\/privilegemonttremblant.com\/fr\/wp-json\/wp\/v2\/pages"}],"about":[{"href":"https:\/\/privilegemonttremblant.com\/fr\/wp-json\/wp\/v2\/types\/page"}],"author":[{"embeddable":true,"href":"https:\/\/privilegemonttremblant.com\/fr\/wp-json\/wp\/v2\/users\/2"}],"replies":[{"embeddable":true,"href":"https:\/\/privilegemonttremblant.com\/fr\/wp-json\/wp\/v2\/comments?post=1372"}],"version-history":[{"count":16,"href":"https:\/\/privilegemonttremblant.com\/fr\/wp-json\/wp\/v2\/pages\/1372\/revisions"}],"predecessor-version":[{"id":1764,"href":"https:\/\/privilegemonttremblant.com\/fr\/wp-json\/wp\/v2\/pages\/1372\/revisions\/1764"}],"wp:featuredmedia":[{"embeddable":true,"href":"https:\/\/privilegemonttremblant.com\/fr\/wp-json\/wp\/v2\/media\/634"}],"wp:attachment":[{"href":"https:\/\/privilegemonttremblant.com\/fr\/wp-json\/wp\/v2\/media?parent=1372"}],"curies":[{"name":"wp","href":"https:\/\/api.w.org\/{rel}","templated":true}]}}