{"id":1331,"date":"2025-07-24T11:35:44","date_gmt":"2025-07-24T11:35:44","guid":{"rendered":"https:\/\/clubprivilegemonttremblant.com\/?page_id=1331"},"modified":"2025-12-11T09:41:17","modified_gmt":"2025-12-11T09:41:17","slug":"reservations","status":"publish","type":"page","link":"https:\/\/privilegemonttremblant.com\/fr\/reservations\/","title":{"rendered":"R\u00e9servations"},"content":{"rendered":"<p>[vc_row css_animation=\u00a0\u00bb\u00a0\u00bb row_type=\u00a0\u00bbrow\u00a0\u00bb use_row_as_full_screen_section=\u00a0\u00bbno\u00a0\u00bb type=\u00a0\u00bbgrid\u00a0\u00bb angled_section=\u00a0\u00bbno\u00a0\u00bb text_align=\u00a0\u00bbleft\u00a0\u00bb background_image_as_pattern=\u00a0\u00bbwithout_pattern\u00a0\u00bb z_index=\u00a0\u00bb\u00a0\u00bb][vc_column][vc_column_text]<\/p>\n<p style=\"text-align: center;\"><strong>Ceci est une demande de r\u00e9servation! Vous allez recevoir votre confirmation d\u2019ici 24 heures.<\/strong><\/p>\n<p style=\"text-align: center;\">Plus d\u2019information vous sera fournie dans votre confirmation. Merci!<\/p>\n<p style=\"text-align: center;\"><em>*Les unit\u00e9s sont assign\u00e9es al\u00e9atoirement. Nous ne pouvons pas garantir une vue sp\u00e9cifique.<\/em><\/p>\n<p>[\/vc_column_text][vc_empty_space][vc_separator type=\u00a0\u00bbnormal\u00a0\u00bb el_class=\u00a0\u00bbsepar\u00a0\u00bb][vc_column_text]<script async src=\"https:\/\/secured.sirvoy.com\/widget\/sirvoy.js\" data-form-id=\"b5f3b4c90059c89e\" data-wp-plugin-version=\"5.1\"><\/script>[\/vc_column_text][\/vc_column][\/vc_row][vc_row css_animation=\u00a0\u00bb\u00a0\u00bb row_type=\u00a0\u00bbrow\u00a0\u00bb use_row_as_full_screen_section=\u00a0\u00bbno\u00a0\u00bb type=\u00a0\u00bbfull_width\u00a0\u00bb angled_section=\u00a0\u00bbno\u00a0\u00bb text_align=\u00a0\u00bbleft\u00a0\u00bb background_image_as_pattern=\u00a0\u00bbwithout_pattern\u00a0\u00bb el_class=\u00a0\u00bbstepBox\u00a0\u00bb z_index=\u00a0\u00bb\u00a0\u00bb][vc_column width=\u00a0\u00bb5\/6&Prime;][vc_raw_html]JTNDaDIlMjBjbGFzcyUzRCUyMnN0ZXAtdGl0bGUlMjIlM0VJbnN0cnVjdGlvbnMlMjBwb3VyJTIwciVDMyVBOXNlcnZlci4lM0MlMkZoMiUzRSUwQSUwQSUwQSU1QmZvcm1pbmF0b3JfZm9ybSUyMGlkJTNEJTIyMTU5OCUyMiU1RCUwQSUwQSUzQ3AlM0UlMjBBdSUyMHBsYWlzaXIlMjBkZSUyMHZvdXMlMjBhY2N1ZWlsbGlyJTIwYXUlMjBDbHViJTIwUHJpdmlsJUMzJUE4Z2UlMjBNb250LVRyZW1ibGFudCUyMSUzQyUyRnAlM0U=[\/vc_raw_html][\/vc_column][\/vc_row]<\/p>\n","protected":false},"excerpt":{"rendered":"<p>[vc_row css_animation=\u00a0\u00bb\u00a0\u00bb row_type=\u00a0\u00bbrow\u00a0\u00bb use_row_as_full_screen_section=\u00a0\u00bbno\u00a0\u00bb type=\u00a0\u00bbgrid\u00a0\u00bb angled_section=\u00a0\u00bbno\u00a0\u00bb text_align=\u00a0\u00bbleft\u00a0\u00bb background_image_as_pattern=\u00a0\u00bbwithout_pattern\u00a0\u00bb z_index=\u00a0\u00bb\u00a0\u00bb][vc_column][vc_column_text] Ceci est une demande de r\u00e9servation! Vous allez recevoir votre confirmation d\u2019ici 24 heures. Plus d\u2019information vous sera fournie dans votre confirmation. Merci! *Les unit\u00e9s sont assign\u00e9es al\u00e9atoirement. Nous ne pouvons pas garantir une vue sp\u00e9cifique&#8230;.<\/p>\n","protected":false},"author":2,"featured_media":1197,"parent":0,"menu_order":0,"comment_status":"closed","ping_status":"closed","template":"full_width.php","meta":{"footnotes":""},"class_list":["post-1331","page","type-page","status-publish","has-post-thumbnail","hentry"],"yoast_head":"<!-- This site is optimized with the Yoast SEO plugin v27.5 - https:\/\/yoast.com\/product\/yoast-seo-wordpress\/ -->\n<title>R\u00e9servations - Louer un chalet, un condo \u00e0 Tremblant<\/title>\n<meta name=\"description\" content=\"R\u00e9servations - Location de chalets et de condos Club Privilege Mont Tremblant, Laurentides\" \/>\n<meta name=\"robots\" content=\"index, follow, max-snippet:-1, max-image-preview:large, max-video-preview:-1\" \/>\n<link rel=\"canonical\" href=\"https:\/\/privilegemonttremblant.com\/fr\/reservations\/\" \/>\n<meta property=\"og:locale\" content=\"fr_FR\" \/>\n<meta property=\"og:type\" content=\"article\" \/>\n<meta property=\"og:title\" content=\"R\u00e9servations - Louer un chalet, un condo \u00e0 Tremblant\" \/>\n<meta property=\"og:description\" content=\"R\u00e9servations - Location de chalets et de condos Club Privilege Mont Tremblant, Laurentides\" \/>\n<meta property=\"og:url\" content=\"https:\/\/privilegemonttremblant.com\/fr\/reservations\/\" \/>\n<meta property=\"og:site_name\" content=\"Club Privil\u00e8ge Mont-Tremblant\" \/>\n<meta property=\"article:publisher\" content=\"https:\/\/www.facebook.com\/LeClubPrivilegeTremblant\" \/>\n<meta property=\"article:modified_time\" content=\"2025-12-11T09:41:17+00:00\" \/>\n<meta property=\"og:image\" content=\"https:\/\/privilegemonttremblant.com\/wp-content\/uploads\/2023\/07\/reserv.jpg\" \/>\n\t<meta property=\"og:image:width\" content=\"1920\" \/>\n\t<meta property=\"og:image:height\" content=\"800\" \/>\n\t<meta property=\"og:image:type\" content=\"image\/jpeg\" \/>\n<meta name=\"twitter:card\" content=\"summary_large_image\" \/>\n<meta name=\"twitter:label1\" content=\"Dur\u00e9e de lecture estim\u00e9e\" \/>\n\t<meta name=\"twitter:data1\" content=\"1 minute\" \/>\n<script type=\"application\/ld+json\" class=\"yoast-schema-graph\">{\"@context\":\"https:\\\/\\\/schema.org\",\"@graph\":[{\"@type\":\"WebPage\",\"@id\":\"https:\\\/\\\/privilegemonttremblant.com\\\/fr\\\/reservations\\\/\",\"url\":\"https:\\\/\\\/privilegemonttremblant.com\\\/fr\\\/reservations\\\/\",\"name\":\"R\u00e9servations - Louer un chalet, un condo \u00e0 Tremblant\",\"isPartOf\":{\"@id\":\"https:\\\/\\\/privilegemonttremblant.com\\\/#website\"},\"primaryImageOfPage\":{\"@id\":\"https:\\\/\\\/privilegemonttremblant.com\\\/fr\\\/reservations\\\/#primaryimage\"},\"image\":{\"@id\":\"https:\\\/\\\/privilegemonttremblant.com\\\/fr\\\/reservations\\\/#primaryimage\"},\"thumbnailUrl\":\"https:\\\/\\\/privilegemonttremblant.com\\\/wp-content\\\/uploads\\\/2023\\\/07\\\/reserv.jpg\",\"datePublished\":\"2025-07-24T11:35:44+00:00\",\"dateModified\":\"2025-12-11T09:41:17+00:00\",\"description\":\"R\u00e9servations - Location de chalets et de condos Club Privilege Mont Tremblant, Laurentides\",\"breadcrumb\":{\"@id\":\"https:\\\/\\\/privilegemonttremblant.com\\\/fr\\\/reservations\\\/#breadcrumb\"},\"inLanguage\":\"fr-FR\",\"potentialAction\":[{\"@type\":\"ReadAction\",\"target\":[\"https:\\\/\\\/privilegemonttremblant.com\\\/fr\\\/reservations\\\/\"]}]},{\"@type\":\"ImageObject\",\"inLanguage\":\"fr-FR\",\"@id\":\"https:\\\/\\\/privilegemonttremblant.com\\\/fr\\\/reservations\\\/#primaryimage\",\"url\":\"https:\\\/\\\/privilegemonttremblant.com\\\/wp-content\\\/uploads\\\/2023\\\/07\\\/reserv.jpg\",\"contentUrl\":\"https:\\\/\\\/privilegemonttremblant.com\\\/wp-content\\\/uploads\\\/2023\\\/07\\\/reserv.jpg\",\"width\":1920,\"height\":800},{\"@type\":\"BreadcrumbList\",\"@id\":\"https:\\\/\\\/privilegemonttremblant.com\\\/fr\\\/reservations\\\/#breadcrumb\",\"itemListElement\":[{\"@type\":\"ListItem\",\"position\":1,\"name\":\"Home\",\"item\":\"http:\\\/\\\/privilegemonttremblant.com\\\/fr\\\/\"},{\"@type\":\"ListItem\",\"position\":2,\"name\":\"R\u00e9servations\"}]},{\"@type\":\"WebSite\",\"@id\":\"https:\\\/\\\/privilegemonttremblant.com\\\/#website\",\"url\":\"https:\\\/\\\/privilegemonttremblant.com\\\/\",\"name\":\"Club Privil\u00e8ge Mont-Tremblant\",\"description\":\"\",\"publisher\":{\"@id\":\"https:\\\/\\\/privilegemonttremblant.com\\\/#organization\"},\"potentialAction\":[{\"@type\":\"SearchAction\",\"target\":{\"@type\":\"EntryPoint\",\"urlTemplate\":\"https:\\\/\\\/privilegemonttremblant.com\\\/?s={search_term_string}\"},\"query-input\":{\"@type\":\"PropertyValueSpecification\",\"valueRequired\":true,\"valueName\":\"search_term_string\"}}],\"inLanguage\":\"fr-FR\"},{\"@type\":\"Organization\",\"@id\":\"https:\\\/\\\/privilegemonttremblant.com\\\/#organization\",\"name\":\"Club Privil\u00e8ge Mont-Tremblant\",\"url\":\"https:\\\/\\\/privilegemonttremblant.com\\\/\",\"logo\":{\"@type\":\"ImageObject\",\"inLanguage\":\"fr-FR\",\"@id\":\"https:\\\/\\\/privilegemonttremblant.com\\\/#\\\/schema\\\/logo\\\/image\\\/\",\"url\":\"https:\\\/\\\/privilegemonttremblant.com\\\/wp-content\\\/uploads\\\/2023\\\/03\\\/logo.png\",\"contentUrl\":\"https:\\\/\\\/privilegemonttremblant.com\\\/wp-content\\\/uploads\\\/2023\\\/03\\\/logo.png\",\"width\":532,\"height\":130,\"caption\":\"Club Privil\u00e8ge Mont-Tremblant\"},\"image\":{\"@id\":\"https:\\\/\\\/privilegemonttremblant.com\\\/#\\\/schema\\\/logo\\\/image\\\/\"},\"sameAs\":[\"https:\\\/\\\/www.facebook.com\\\/LeClubPrivilegeTremblant\",\"https:\\\/\\\/www.instagram.com\\\/clubprivilegetremblant\\\/\"]}]}<\/script>\n<!-- \/ Yoast SEO plugin. -->","yoast_head_json":{"title":"R\u00e9servations - Louer un chalet, un condo \u00e0 Tremblant","description":"R\u00e9servations - Location de chalets et de condos Club Privilege Mont Tremblant, Laurentides","robots":{"index":"index","follow":"follow","max-snippet":"max-snippet:-1","max-image-preview":"max-image-preview:large","max-video-preview":"max-video-preview:-1"},"canonical":"https:\/\/privilegemonttremblant.com\/fr\/reservations\/","og_locale":"fr_FR","og_type":"article","og_title":"R\u00e9servations - Louer un chalet, un condo \u00e0 Tremblant","og_description":"R\u00e9servations - Location de chalets et de condos Club Privilege Mont Tremblant, Laurentides","og_url":"https:\/\/privilegemonttremblant.com\/fr\/reservations\/","og_site_name":"Club Privil\u00e8ge Mont-Tremblant","article_publisher":"https:\/\/www.facebook.com\/LeClubPrivilegeTremblant","article_modified_time":"2025-12-11T09:41:17+00:00","og_image":[{"width":1920,"height":800,"url":"https:\/\/privilegemonttremblant.com\/wp-content\/uploads\/2023\/07\/reserv.jpg","type":"image\/jpeg"}],"twitter_card":"summary_large_image","twitter_misc":{"Dur\u00e9e de lecture estim\u00e9e":"1 minute"},"schema":{"@context":"https:\/\/schema.org","@graph":[{"@type":"WebPage","@id":"https:\/\/privilegemonttremblant.com\/fr\/reservations\/","url":"https:\/\/privilegemonttremblant.com\/fr\/reservations\/","name":"R\u00e9servations - Louer un chalet, un condo \u00e0 Tremblant","isPartOf":{"@id":"https:\/\/privilegemonttremblant.com\/#website"},"primaryImageOfPage":{"@id":"https:\/\/privilegemonttremblant.com\/fr\/reservations\/#primaryimage"},"image":{"@id":"https:\/\/privilegemonttremblant.com\/fr\/reservations\/#primaryimage"},"thumbnailUrl":"https:\/\/privilegemonttremblant.com\/wp-content\/uploads\/2023\/07\/reserv.jpg","datePublished":"2025-07-24T11:35:44+00:00","dateModified":"2025-12-11T09:41:17+00:00","description":"R\u00e9servations - Location de chalets et de condos Club Privilege Mont Tremblant, Laurentides","breadcrumb":{"@id":"https:\/\/privilegemonttremblant.com\/fr\/reservations\/#breadcrumb"},"inLanguage":"fr-FR","potentialAction":[{"@type":"ReadAction","target":["https:\/\/privilegemonttremblant.com\/fr\/reservations\/"]}]},{"@type":"ImageObject","inLanguage":"fr-FR","@id":"https:\/\/privilegemonttremblant.com\/fr\/reservations\/#primaryimage","url":"https:\/\/privilegemonttremblant.com\/wp-content\/uploads\/2023\/07\/reserv.jpg","contentUrl":"https:\/\/privilegemonttremblant.com\/wp-content\/uploads\/2023\/07\/reserv.jpg","width":1920,"height":800},{"@type":"BreadcrumbList","@id":"https:\/\/privilegemonttremblant.com\/fr\/reservations\/#breadcrumb","itemListElement":[{"@type":"ListItem","position":1,"name":"Home","item":"http:\/\/privilegemonttremblant.com\/fr\/"},{"@type":"ListItem","position":2,"name":"R\u00e9servations"}]},{"@type":"WebSite","@id":"https:\/\/privilegemonttremblant.com\/#website","url":"https:\/\/privilegemonttremblant.com\/","name":"Club Privil\u00e8ge Mont-Tremblant","description":"","publisher":{"@id":"https:\/\/privilegemonttremblant.com\/#organization"},"potentialAction":[{"@type":"SearchAction","target":{"@type":"EntryPoint","urlTemplate":"https:\/\/privilegemonttremblant.com\/?s={search_term_string}"},"query-input":{"@type":"PropertyValueSpecification","valueRequired":true,"valueName":"search_term_string"}}],"inLanguage":"fr-FR"},{"@type":"Organization","@id":"https:\/\/privilegemonttremblant.com\/#organization","name":"Club Privil\u00e8ge Mont-Tremblant","url":"https:\/\/privilegemonttremblant.com\/","logo":{"@type":"ImageObject","inLanguage":"fr-FR","@id":"https:\/\/privilegemonttremblant.com\/#\/schema\/logo\/image\/","url":"https:\/\/privilegemonttremblant.com\/wp-content\/uploads\/2023\/03\/logo.png","contentUrl":"https:\/\/privilegemonttremblant.com\/wp-content\/uploads\/2023\/03\/logo.png","width":532,"height":130,"caption":"Club Privil\u00e8ge Mont-Tremblant"},"image":{"@id":"https:\/\/privilegemonttremblant.com\/#\/schema\/logo\/image\/"},"sameAs":["https:\/\/www.facebook.com\/LeClubPrivilegeTremblant","https:\/\/www.instagram.com\/clubprivilegetremblant\/"]}]}},"acf":[],"_links":{"self":[{"href":"https:\/\/privilegemonttremblant.com\/fr\/wp-json\/wp\/v2\/pages\/1331","targetHints":{"allow":["GET"]}}],"collection":[{"href":"https:\/\/privilegemonttremblant.com\/fr\/wp-json\/wp\/v2\/pages"}],"about":[{"href":"https:\/\/privilegemonttremblant.com\/fr\/wp-json\/wp\/v2\/types\/page"}],"author":[{"embeddable":true,"href":"https:\/\/privilegemonttremblant.com\/fr\/wp-json\/wp\/v2\/users\/2"}],"replies":[{"embeddable":true,"href":"https:\/\/privilegemonttremblant.com\/fr\/wp-json\/wp\/v2\/comments?post=1331"}],"version-history":[{"count":5,"href":"https:\/\/privilegemonttremblant.com\/fr\/wp-json\/wp\/v2\/pages\/1331\/revisions"}],"predecessor-version":[{"id":1767,"href":"https:\/\/privilegemonttremblant.com\/fr\/wp-json\/wp\/v2\/pages\/1331\/revisions\/1767"}],"wp:featuredmedia":[{"embeddable":true,"href":"https:\/\/privilegemonttremblant.com\/fr\/wp-json\/wp\/v2\/media\/1197"}],"wp:attachment":[{"href":"https:\/\/privilegemonttremblant.com\/fr\/wp-json\/wp\/v2\/media?parent=1331"}],"curies":[{"name":"wp","href":"https:\/\/api.w.org\/{rel}","templated":true}]}}