{"id":1286,"date":"2025-07-24T06:03:25","date_gmt":"2025-07-24T06:03:25","guid":{"rendered":"https:\/\/clubprivilegemonttremblant.com\/?page_id=1286"},"modified":"2025-12-11T09:34:53","modified_gmt":"2025-12-11T09:34:53","slug":"contact","status":"publish","type":"page","link":"https:\/\/privilegemonttremblant.com\/fr\/contact\/","title":{"rendered":"CONTACT"},"content":{"rendered":"<p>[vc_row css_animation=\u00a0\u00bb\u00a0\u00bb row_type=\u00a0\u00bbrow\u00a0\u00bb use_row_as_full_screen_section=\u00a0\u00bbno\u00a0\u00bb type=\u00a0\u00bbgrid\u00a0\u00bb angled_section=\u00a0\u00bbno\u00a0\u00bb text_align=\u00a0\u00bbleft\u00a0\u00bb background_image_as_pattern=\u00a0\u00bbwithout_pattern\u00a0\u00bb z_index=\u00a0\u00bb\u00a0\u00bb el_class=\u00a0\u00bbcontactus anim-series series-up\u00a0\u00bb][vc_column][vc_column_text el_class=\u00a0\u00bbtiti\u00a0\u00bb]<\/p>\n<h2><img loading=\"lazy\" decoding=\"async\" class=\"alignleft size-full wp-image-57\" src=\"https:\/\/privilegemonttremblant.com\/wp-content\/uploads\/2023\/03\/clubICon.png\" alt=\"\" width=\"114\" height=\"114\" \/>CLUB PRIVIL\u00c8GE MONT-TREMBLANT<\/h2>\n<p><em>CENTRE DE GOLF ET DE SKI 4 SAISONS<\/em>[\/vc_column_text][vc_row_inner row_type=\u00a0\u00bbrow\u00a0\u00bb type=\u00a0\u00bbfull_width\u00a0\u00bb text_align=\u00a0\u00bbleft\u00a0\u00bb css_animation=\u00a0\u00bb\u00a0\u00bb][vc_column_inner width=\u00a0\u00bb1\/2&Prime;][vc_column_text]<\/p>\n<h5>NOTRE ADRESSE :<\/h5>\n<p>[\/vc_column_text][\/vc_column_inner][vc_column_inner width=\u00a0\u00bb1\/2&Prime;][vc_column_text]2140 Chemin du Village, Mont-Tremblant, QC, Canada, J8E 1K4[\/vc_column_text][\/vc_column_inner][\/vc_row_inner][vc_separator type=\u00a0\u00bbnormal\u00a0\u00bb el_class=\u00a0\u00bbsepar delay-1&Prime;][vc_row_inner row_type=\u00a0\u00bbrow\u00a0\u00bb type=\u00a0\u00bbfull_width\u00a0\u00bb text_align=\u00a0\u00bbleft\u00a0\u00bb css_animation=\u00a0\u00bb\u00a0\u00bb][vc_column_inner width=\u00a0\u00bb1\/2&Prime;][vc_column_text]<\/p>\n<h5>SERVICE \u00c0 LA CLIENT\u00c8LE :<\/h5>\n<p>[\/vc_column_text][\/vc_column_inner][vc_column_inner width=\u00a0\u00bb1\/2&Prime;][vc_column_text]T\u00e9l\u00e9phone local : <a href=\"tel:+18194259818\">+1-819-425-9818<\/a><br \/>\nSans frais : <a href=\"tel:18778654373\">1-877-865-4373<\/a><br \/>\nCourriel : <a href=\"mailto:contact@clubprivilegetremblant.com\">contact@clubprivilegetremblant.com<\/a>[\/vc_column_text][\/vc_column_inner][\/vc_row_inner][vc_separator type=\u00a0\u00bbnormal\u00a0\u00bb el_class=\u00a0\u00bbsepar delay-2&Prime;][vc_row_inner row_type=\u00a0\u00bbrow\u00a0\u00bb type=\u00a0\u00bbfull_width\u00a0\u00bb text_align=\u00a0\u00bbleft\u00a0\u00bb css_animation=\u00a0\u00bb\u00a0\u00bb][vc_column_inner width=\u00a0\u00bb1\/2&Prime;][vc_column_text]<\/p>\n<h5>HEURES D&rsquo;OUVERTURE :<\/h5>\n<p>[\/vc_column_text][\/vc_column_inner][vc_column_inner width=\u00a0\u00bb1\/2&Prime;][vc_column_text el_class=\u00a0\u00bbhours\u00a0\u00bb]<\/p>\n<table>\n<tbody>\n<tr>\n<td>Lundi :<\/td>\n<td>09:00 \u2013 16:00<\/td>\n<\/tr>\n<tr>\n<td>Mardi :<\/td>\n<td>10:00 \u2013 16:00<\/td>\n<\/tr>\n<tr>\n<td>Mercredi :<\/td>\n<td>10:00 \u2013 16:00<\/td>\n<\/tr>\n<tr>\n<td>Jeudi :<\/td>\n<td>09:00 \u2013 16:00<\/td>\n<\/tr>\n<tr>\n<td>Vendredi :<\/td>\n<td>09:00 \u2013 17:00<\/td>\n<\/tr>\n<tr>\n<td>Samedi :<\/td>\n<td>09:00 \u2013 17:00<\/td>\n<\/tr>\n<tr>\n<td>Dimanche :<\/td>\n<td>09:00 \u2013 17:00<\/td>\n<\/tr>\n<\/tbody>\n<\/table>\n<p>[\/vc_column_text][\/vc_column_inner][\/vc_row_inner][vc_separator type=\u00a0\u00bbnormal\u00a0\u00bb el_class=\u00a0\u00bbsepar delay-3&Prime;][vc_empty_space][vc_column_text el_class=\u00a0\u00bbslogan\u00a0\u00bb]Am\u00e9liorez la qualit\u00e9 de vos vacances tout en diminuant les co\u00fbts ![\/vc_column_text][\/vc_column][\/vc_row][vc_row css_animation=\u00a0\u00bb\u00a0\u00bb row_type=\u00a0\u00bbrow\u00a0\u00bb use_row_as_full_screen_section=\u00a0\u00bbno\u00a0\u00bb type=\u00a0\u00bbfull_width\u00a0\u00bb angled_section=\u00a0\u00bbno\u00a0\u00bb text_align=\u00a0\u00bbleft\u00a0\u00bb background_image_as_pattern=\u00a0\u00bbwithout_pattern\u00a0\u00bb el_class=\u00a0\u00bbform-map contactus\u00a0\u00bb z_index=\u00a0\u00bb\u00a0\u00bb][vc_column width=\u00a0\u00bb1\/2&Prime;][vc_column_text]<\/p>\n<h2>CONTACTEZ-NOUS<\/h2>\n<p>[\/vc_column_text]\n<div class=\"wpcf7 no-js\" id=\"wpcf7-f903-o1\" lang=\"en-US\" dir=\"ltr\" data-wpcf7-id=\"903\">\n<div class=\"screen-reader-response\"><p role=\"status\" aria-live=\"polite\" aria-atomic=\"true\"><\/p> <ul><\/ul><\/div>\n<form action=\"\/fr\/wp-json\/wp\/v2\/pages\/1286#wpcf7-f903-o1\" method=\"post\" class=\"wpcf7-form init cf7_custom_style_1\" aria-label=\"Contact form\" novalidate=\"novalidate\" data-status=\"init\">\n<fieldset class=\"hidden-fields-container\"><input type=\"hidden\" name=\"_wpcf7\" value=\"903\" \/><input type=\"hidden\" name=\"_wpcf7_version\" value=\"6.1.5\" \/><input type=\"hidden\" name=\"_wpcf7_locale\" value=\"en_US\" \/><input type=\"hidden\" name=\"_wpcf7_unit_tag\" value=\"wpcf7-f903-o1\" \/><input type=\"hidden\" name=\"_wpcf7_container_post\" value=\"0\" \/><input type=\"hidden\" name=\"_wpcf7_posted_data_hash\" value=\"\" \/><input type=\"hidden\" name=\"_wpcf7_recaptcha_response\" value=\"\" \/>\n<\/fieldset>\n<div class=\"form-grid\">\n<div class=\"form-row col-3\">\n<label>Nom <span class=\"red\">*<\/span>\n    <span class=\"wpcf7-form-control-wrap\" data-name=\"your-name\"><input size=\"40\" maxlength=\"400\" class=\"wpcf7-form-control wpcf7-text wpcf7-validates-as-required\" autocomplete=\"name\" aria-required=\"true\" aria-invalid=\"false\" placeholder=\"Nom\" value=\"\" type=\"text\" name=\"your-name\" \/><\/span> <\/label>\n\n<label>Courriel <span class=\"red\">*<\/span>\n    <span class=\"wpcf7-form-control-wrap\" data-name=\"your-email\"><input size=\"40\" maxlength=\"400\" class=\"wpcf7-form-control wpcf7-email wpcf7-validates-as-required wpcf7-text wpcf7-validates-as-email\" autocomplete=\"email\" aria-required=\"true\" aria-invalid=\"false\" placeholder=\"Courriel\" value=\"\" type=\"email\" name=\"your-email\" \/><\/span> <\/label>\n<label>T\u00e9l\u00e9phone <span class=\"red\">*<\/span>\n   <span class=\"wpcf7-form-control-wrap\" data-name=\"tel-phone\"><input size=\"40\" maxlength=\"400\" class=\"wpcf7-form-control wpcf7-tel wpcf7-validates-as-required wpcf7-text wpcf7-validates-as-tel\" autocomplete=\"tel\" aria-required=\"true\" aria-invalid=\"false\" placeholder=\"T\u00e9l\u00e9phone\" value=\"\" type=\"tel\" name=\"tel-phone\" \/><\/span><\/label>\n<\/div>\n<label>Votre message <span class=\"red\">*<\/span>\n    <span class=\"wpcf7-form-control-wrap\" data-name=\"your-message\"><textarea cols=\"40\" rows=\"10\" maxlength=\"2000\" class=\"wpcf7-form-control wpcf7-textarea wpcf7-validates-as-required\" aria-required=\"true\" aria-invalid=\"false\" placeholder=\"Message\" name=\"your-message\"><\/textarea><\/span> <\/label>\n<\/div>\n<input class=\"wpcf7-form-control wpcf7-submit has-spinner\" type=\"submit\" value=\"ENVOYER\" \/><div class=\"wpcf7-response-output\" aria-hidden=\"true\"><\/div>\n<\/form>\n<\/div>\n[\/vc_column][vc_column width=\u00a0\u00bb1\/2&Prime;][vc_gmaps link=\u00a0\u00bb#E-8_JTNDaWZyYW1lJTIwc3JjJTNEJTIyaHR0cHMlM0ElMkYlMkZ3d3cuZ29vZ2xlLmNvbSUyRm1hcHMlMkZlbWJlZCUzRnBiJTNEJTIxMW0xNCUyMTFtOCUyMTFtMyUyMTFkMTEwNDguMTgyMTY3NTM4OTE2JTIxMmQtNzQuNjMwODQxNCUyMTNkNDYuMTg5NjUyNCUyMTNtMiUyMTFpMTAyNCUyMTJpNzY4JTIxNGYxMy4xJTIxM20zJTIxMW0yJTIxMXMweDRjY2Y5ZDkxN2U3MTBhMTUlMjUzQTB4MzY4YmJlYjAxYjRjMDc0MCUyMTJzUHJpdmlsZWdlJTI1MjBUcmVtYmxhbnQlMjUyMCUyNTdDJTI1MjBTaG9ydC10ZXJtJTI1MjByZW50YWxzJTI1MkMlMjUyMHJlbnQlMjUyMGNoYWxldCUyNTIwb3IlMjUyMGNvbmRvJTI1MjAlMjU3QyUyNTIwR29sZiUyNTIwYW5kJTI1MjBza2klMjUyMHJlc29ydCUyNTIwTGF1cmVudGlhbnMlMjE1ZTAlMjEzbTIlMjExc2VuJTIxMnNpbiUyMTR2MTc1MzMzNzU0NDY2NSUyMTVtMiUyMTFzZW4lMjEyc2luJTIyJTIwd2lkdGglM0QlMjIxMDAlMjUlMjIlMjBoZWlnaHQlM0QlMjI2MjAlMjIlMjBzdHlsZSUzRCUyMmJvcmRlciUzQTAlM0IlMjIlMjBhbGxvd2Z1bGxzY3JlZW4lM0QlMjIlMjIlMjBsb2FkaW5nJTNEJTIybGF6eSUyMiUyMHJlZmVycmVycG9saWN5JTNEJTIybm8tcmVmZXJyZXItd2hlbi1kb3duZ3JhZGUlMjIlM0UlM0MlMkZpZnJhbWUlM0U=\u00a0\u00bb][\/vc_column][\/vc_row][vc_row css_animation=\u00a0\u00bb\u00a0\u00bb row_type=\u00a0\u00bbrow\u00a0\u00bb use_row_as_full_screen_section=\u00a0\u00bbno\u00a0\u00bb type=\u00a0\u00bbfull_width\u00a0\u00bb angled_section=\u00a0\u00bbno\u00a0\u00bb text_align=\u00a0\u00bbleft\u00a0\u00bb background_image_as_pattern=\u00a0\u00bbwithout_pattern\u00a0\u00bb el_class=\u00a0\u00bbnew-locations\u00a0\u00bb z_index=\u00a0\u00bb\u00a0\u00bb][vc_column][vc_column_text]<\/p>\n<h3 style=\"text-align: center;\">Voici une liste des commerces locaux et des points d\u2019int\u00e9r\u00eat pour les clients en visite \u00e0 Privil\u00e8ge Mont-Tremblant :<\/h3>\n<p>[\/vc_column_text][\/vc_column][\/vc_row][vc_row css_animation=\u00a0\u00bb\u00a0\u00bb row_type=\u00a0\u00bbrow\u00a0\u00bb use_row_as_full_screen_section=\u00a0\u00bbno\u00a0\u00bb type=\u00a0\u00bbfull_width\u00a0\u00bb angled_section=\u00a0\u00bbno\u00a0\u00bb text_align=\u00a0\u00bbleft\u00a0\u00bb background_image_as_pattern=\u00a0\u00bbwithout_pattern\u00a0\u00bb el_class=\u00a0\u00bblocationName\u00a0\u00bb z_index=\u00a0\u00bb\u00a0\u00bb][vc_column width=\u00a0\u00bb1\/4&Prime;][vc_column_text]<\/p>\n<h4><a href=\"https:\/\/maps.app.goo.gl\/qMmwpuEfvUsPcp367\" target=\"_blank\" rel=\"noopener\">Below zero rentals<\/a><\/h4>\n<p>[\/vc_column_text][\/vc_column][vc_column width=\u00a0\u00bb1\/4&Prime;][vc_column_text]<\/p>\n<h4><a href=\"https:\/\/maps.app.goo.gl\/g3qmr7hAspLjit369\" target=\"_blank\" rel=\"noopener\">Au coin pub<\/a><\/h4>\n<p>[\/vc_column_text][\/vc_column][vc_column width=\u00a0\u00bb1\/4&Prime;][vc_column_text]<\/p>\n<h4><a href=\"https:\/\/maps.app.goo.gl\/MkrhxHtALUWU2ras6\" target=\"_blank\" rel=\"noopener\">Italdeli<\/a><\/h4>\n<p>[\/vc_column_text][\/vc_column][vc_column width=\u00a0\u00bb1\/4&Prime;][vc_column_text]<\/p>\n<h4><a href=\"https:\/\/maps.app.goo.gl\/3tZatowTowtjMTSX7\" target=\"_blank\" rel=\"noopener\">Bonichoix<\/a><\/h4>\n<p>[\/vc_column_text][\/vc_column][\/vc_row][vc_row css_animation=\u00a0\u00bb\u00a0\u00bb row_type=\u00a0\u00bbrow\u00a0\u00bb use_row_as_full_screen_section=\u00a0\u00bbno\u00a0\u00bb type=\u00a0\u00bbfull_width\u00a0\u00bb angled_section=\u00a0\u00bbno\u00a0\u00bb text_align=\u00a0\u00bbleft\u00a0\u00bb background_image_as_pattern=\u00a0\u00bbwithout_pattern\u00a0\u00bb el_class=\u00a0\u00bblocationName\u00a0\u00bb z_index=\u00a0\u00bb\u00a0\u00bb][vc_column width=\u00a0\u00bb1\/4&Prime;][vc_column_text]<\/p>\n<h4><a href=\"https:\/\/maps.app.goo.gl\/fUrFuWVeaHQEPToW7\" target=\"_blank\" rel=\"noopener\">Sentier des cimes Laurentides<\/a><\/h4>\n<p>[\/vc_column_text][\/vc_column][vc_column width=\u00a0\u00bb1\/4&Prime;][vc_column_text]<\/p>\n<h4><a href=\"https:\/\/maps.app.goo.gl\/xR5jbGD6748r4Xiw8\" target=\"_blank\" rel=\"noopener\">Max Ski Service<\/a><\/h4>\n<p>[\/vc_column_text][\/vc_column][vc_column width=\u00a0\u00bb1\/4&Prime;][vc_column_text]<\/p>\n<h4><a href=\"https:\/\/maps.app.goo.gl\/GQkXGRfeyH2NhgUU7\" target=\"_blank\" rel=\"noopener\">Ski &amp; Bike Lab Tremblant<\/a><\/h4>\n<p>[\/vc_column_text][\/vc_column][vc_column width=\u00a0\u00bb1\/4&Prime;][vc_column_text]<\/p>\n<h4><a href=\"https:\/\/maps.app.goo.gl\/Wjm5dFcpYXdzGovK8\" target=\"_blank\" rel=\"noopener\">La sandwicherie Mont-Tremblant<\/a><\/h4>\n<p>[\/vc_column_text][\/vc_column][\/vc_row][vc_row css_animation=\u00a0\u00bb\u00a0\u00bb row_type=\u00a0\u00bbrow\u00a0\u00bb use_row_as_full_screen_section=\u00a0\u00bbno\u00a0\u00bb type=\u00a0\u00bbfull_width\u00a0\u00bb angled_section=\u00a0\u00bbno\u00a0\u00bb text_align=\u00a0\u00bbleft\u00a0\u00bb background_image_as_pattern=\u00a0\u00bbwithout_pattern\u00a0\u00bb el_class=\u00a0\u00bblocationName\u00a0\u00bb z_index=\u00a0\u00bb\u00a0\u00bb][vc_column width=\u00a0\u00bb1\/3&Prime;][vc_column_text]<\/p>\n<h4><a href=\"https:\/\/maps.app.goo.gl\/e9KNXF2uWpKgPEuq9\" target=\"_blank\" rel=\"noopener\">Mont-Tremblant<\/a><\/h4>\n<p>[\/vc_column_text][\/vc_column][vc_column width=\u00a0\u00bb1\/3&Prime;][vc_column_text]<\/p>\n<h4><a href=\"https:\/\/maps.app.goo.gl\/AsfKkQsXJ6VFYaV97\" target=\"_blank\" rel=\"noopener\">Domaine St-Bernard<\/a><\/h4>\n<p>[\/vc_column_text][\/vc_column][vc_column width=\u00a0\u00bb1\/3&Prime;][vc_column_text]<\/p>\n<h4><a href=\"https:\/\/maps.app.goo.gl\/vMmjg4GNUGfF9iM96\" target=\"_blank\" rel=\"noopener\">St-Jovite<\/a><\/h4>\n<p>[\/vc_column_text][\/vc_column][\/vc_row]<\/p>\n","protected":false},"excerpt":{"rendered":"<p>[vc_row css_animation=\u00a0\u00bb\u00a0\u00bb row_type=\u00a0\u00bbrow\u00a0\u00bb use_row_as_full_screen_section=\u00a0\u00bbno\u00a0\u00bb type=\u00a0\u00bbgrid\u00a0\u00bb angled_section=\u00a0\u00bbno\u00a0\u00bb text_align=\u00a0\u00bbleft\u00a0\u00bb background_image_as_pattern=\u00a0\u00bbwithout_pattern\u00a0\u00bb z_index=\u00a0\u00bb\u00a0\u00bb el_class=\u00a0\u00bbcontactus anim-series series-up\u00a0\u00bb][vc_column][vc_column_text el_class=\u00a0\u00bbtiti\u00a0\u00bb] CLUB PRIVIL\u00c8GE MONT-TREMBLANT CENTRE DE GOLF ET DE SKI 4 SAISONS[\/vc_column_text][vc_row_inner row_type=\u00a0\u00bbrow\u00a0\u00bb type=\u00a0\u00bbfull_width\u00a0\u00bb text_align=\u00a0\u00bbleft\u00a0\u00bb css_animation=\u00a0\u00bb\u00a0\u00bb][vc_column_inner width=\u00a0\u00bb1\/2&Prime;][vc_column_text] NOTRE ADRESSE : [\/vc_column_text][\/vc_column_inner][vc_column_inner width=\u00a0\u00bb1\/2&Prime;][vc_column_text]2140 Chemin du Village, Mont-Tremblant, QC, Canada, J8E 1K4[\/vc_column_text][\/vc_column_inner][\/vc_row_inner][vc_separator type=\u00a0\u00bbnormal\u00a0\u00bb el_class=\u00a0\u00bbsepar delay-1&Prime;][vc_row_inner&#8230;<\/p>\n","protected":false},"author":2,"featured_media":618,"parent":0,"menu_order":0,"comment_status":"closed","ping_status":"closed","template":"full_width.php","meta":{"footnotes":""},"class_list":["post-1286","page","type-page","status-publish","has-post-thumbnail","hentry"],"yoast_head":"<!-- This site is optimized with the Yoast SEO plugin v27.5 - https:\/\/yoast.com\/product\/yoast-seo-wordpress\/ -->\n<title>CONTACT - Louer un chalet, un condo \u00e0 Tremblant<\/title>\n<meta name=\"description\" content=\"CONTACT - Location de chalets et de condos Club Privilege Mont Tremblant, Laurentides\" \/>\n<meta name=\"robots\" content=\"index, follow, max-snippet:-1, max-image-preview:large, max-video-preview:-1\" \/>\n<link rel=\"canonical\" href=\"https:\/\/privilegemonttremblant.com\/fr\/contact\/\" \/>\n<meta property=\"og:locale\" content=\"fr_FR\" \/>\n<meta property=\"og:type\" content=\"article\" \/>\n<meta property=\"og:title\" content=\"CONTACT - Louer un chalet, un condo \u00e0 Tremblant\" \/>\n<meta property=\"og:description\" content=\"CONTACT - Location de chalets et de condos Club Privilege Mont Tremblant, Laurentides\" \/>\n<meta property=\"og:url\" content=\"https:\/\/privilegemonttremblant.com\/fr\/contact\/\" \/>\n<meta property=\"og:site_name\" content=\"Club Privil\u00e8ge Mont-Tremblant\" \/>\n<meta property=\"article:publisher\" content=\"https:\/\/www.facebook.com\/LeClubPrivilegeTremblant\" \/>\n<meta property=\"article:modified_time\" content=\"2025-12-11T09:34:53+00:00\" \/>\n<meta property=\"og:image\" content=\"https:\/\/privilegemonttremblant.com\/wp-content\/uploads\/2023\/03\/DSC00639.jpg\" \/>\n\t<meta property=\"og:image:width\" content=\"1920\" \/>\n\t<meta property=\"og:image:height\" content=\"500\" \/>\n\t<meta property=\"og:image:type\" content=\"image\/jpeg\" \/>\n<meta name=\"twitter:card\" content=\"summary_large_image\" \/>\n<meta name=\"twitter:label1\" content=\"Dur\u00e9e de lecture estim\u00e9e\" \/>\n\t<meta name=\"twitter:data1\" content=\"2 minutes\" \/>\n<script type=\"application\/ld+json\" class=\"yoast-schema-graph\">{\"@context\":\"https:\\\/\\\/schema.org\",\"@graph\":[{\"@type\":\"WebPage\",\"@id\":\"https:\\\/\\\/privilegemonttremblant.com\\\/fr\\\/contact\\\/\",\"url\":\"https:\\\/\\\/privilegemonttremblant.com\\\/fr\\\/contact\\\/\",\"name\":\"CONTACT - Louer un chalet, un condo \u00e0 Tremblant\",\"isPartOf\":{\"@id\":\"https:\\\/\\\/privilegemonttremblant.com\\\/#website\"},\"primaryImageOfPage\":{\"@id\":\"https:\\\/\\\/privilegemonttremblant.com\\\/fr\\\/contact\\\/#primaryimage\"},\"image\":{\"@id\":\"https:\\\/\\\/privilegemonttremblant.com\\\/fr\\\/contact\\\/#primaryimage\"},\"thumbnailUrl\":\"https:\\\/\\\/privilegemonttremblant.com\\\/wp-content\\\/uploads\\\/2023\\\/03\\\/DSC00639.jpg\",\"datePublished\":\"2025-07-24T06:03:25+00:00\",\"dateModified\":\"2025-12-11T09:34:53+00:00\",\"description\":\"CONTACT - Location de chalets et de condos Club Privilege Mont Tremblant, Laurentides\",\"breadcrumb\":{\"@id\":\"https:\\\/\\\/privilegemonttremblant.com\\\/fr\\\/contact\\\/#breadcrumb\"},\"inLanguage\":\"fr-FR\",\"potentialAction\":[{\"@type\":\"ReadAction\",\"target\":[\"https:\\\/\\\/privilegemonttremblant.com\\\/fr\\\/contact\\\/\"]}]},{\"@type\":\"ImageObject\",\"inLanguage\":\"fr-FR\",\"@id\":\"https:\\\/\\\/privilegemonttremblant.com\\\/fr\\\/contact\\\/#primaryimage\",\"url\":\"https:\\\/\\\/privilegemonttremblant.com\\\/wp-content\\\/uploads\\\/2023\\\/03\\\/DSC00639.jpg\",\"contentUrl\":\"https:\\\/\\\/privilegemonttremblant.com\\\/wp-content\\\/uploads\\\/2023\\\/03\\\/DSC00639.jpg\",\"width\":1920,\"height\":500},{\"@type\":\"BreadcrumbList\",\"@id\":\"https:\\\/\\\/privilegemonttremblant.com\\\/fr\\\/contact\\\/#breadcrumb\",\"itemListElement\":[{\"@type\":\"ListItem\",\"position\":1,\"name\":\"Home\",\"item\":\"http:\\\/\\\/privilegemonttremblant.com\\\/fr\\\/\"},{\"@type\":\"ListItem\",\"position\":2,\"name\":\"CONTACT\"}]},{\"@type\":\"WebSite\",\"@id\":\"https:\\\/\\\/privilegemonttremblant.com\\\/#website\",\"url\":\"https:\\\/\\\/privilegemonttremblant.com\\\/\",\"name\":\"Club Privil\u00e8ge Mont-Tremblant\",\"description\":\"\",\"publisher\":{\"@id\":\"https:\\\/\\\/privilegemonttremblant.com\\\/#organization\"},\"potentialAction\":[{\"@type\":\"SearchAction\",\"target\":{\"@type\":\"EntryPoint\",\"urlTemplate\":\"https:\\\/\\\/privilegemonttremblant.com\\\/?s={search_term_string}\"},\"query-input\":{\"@type\":\"PropertyValueSpecification\",\"valueRequired\":true,\"valueName\":\"search_term_string\"}}],\"inLanguage\":\"fr-FR\"},{\"@type\":\"Organization\",\"@id\":\"https:\\\/\\\/privilegemonttremblant.com\\\/#organization\",\"name\":\"Club Privil\u00e8ge Mont-Tremblant\",\"url\":\"https:\\\/\\\/privilegemonttremblant.com\\\/\",\"logo\":{\"@type\":\"ImageObject\",\"inLanguage\":\"fr-FR\",\"@id\":\"https:\\\/\\\/privilegemonttremblant.com\\\/#\\\/schema\\\/logo\\\/image\\\/\",\"url\":\"https:\\\/\\\/privilegemonttremblant.com\\\/wp-content\\\/uploads\\\/2023\\\/03\\\/logo.png\",\"contentUrl\":\"https:\\\/\\\/privilegemonttremblant.com\\\/wp-content\\\/uploads\\\/2023\\\/03\\\/logo.png\",\"width\":532,\"height\":130,\"caption\":\"Club Privil\u00e8ge Mont-Tremblant\"},\"image\":{\"@id\":\"https:\\\/\\\/privilegemonttremblant.com\\\/#\\\/schema\\\/logo\\\/image\\\/\"},\"sameAs\":[\"https:\\\/\\\/www.facebook.com\\\/LeClubPrivilegeTremblant\",\"https:\\\/\\\/www.instagram.com\\\/clubprivilegetremblant\\\/\"]}]}<\/script>\n<!-- \/ Yoast SEO plugin. -->","yoast_head_json":{"title":"CONTACT - Louer un chalet, un condo \u00e0 Tremblant","description":"CONTACT - Location de chalets et de condos Club Privilege Mont Tremblant, Laurentides","robots":{"index":"index","follow":"follow","max-snippet":"max-snippet:-1","max-image-preview":"max-image-preview:large","max-video-preview":"max-video-preview:-1"},"canonical":"https:\/\/privilegemonttremblant.com\/fr\/contact\/","og_locale":"fr_FR","og_type":"article","og_title":"CONTACT - Louer un chalet, un condo \u00e0 Tremblant","og_description":"CONTACT - Location de chalets et de condos Club Privilege Mont Tremblant, Laurentides","og_url":"https:\/\/privilegemonttremblant.com\/fr\/contact\/","og_site_name":"Club Privil\u00e8ge Mont-Tremblant","article_publisher":"https:\/\/www.facebook.com\/LeClubPrivilegeTremblant","article_modified_time":"2025-12-11T09:34:53+00:00","og_image":[{"width":1920,"height":500,"url":"https:\/\/privilegemonttremblant.com\/wp-content\/uploads\/2023\/03\/DSC00639.jpg","type":"image\/jpeg"}],"twitter_card":"summary_large_image","twitter_misc":{"Dur\u00e9e de lecture estim\u00e9e":"2 minutes"},"schema":{"@context":"https:\/\/schema.org","@graph":[{"@type":"WebPage","@id":"https:\/\/privilegemonttremblant.com\/fr\/contact\/","url":"https:\/\/privilegemonttremblant.com\/fr\/contact\/","name":"CONTACT - Louer un chalet, un condo \u00e0 Tremblant","isPartOf":{"@id":"https:\/\/privilegemonttremblant.com\/#website"},"primaryImageOfPage":{"@id":"https:\/\/privilegemonttremblant.com\/fr\/contact\/#primaryimage"},"image":{"@id":"https:\/\/privilegemonttremblant.com\/fr\/contact\/#primaryimage"},"thumbnailUrl":"https:\/\/privilegemonttremblant.com\/wp-content\/uploads\/2023\/03\/DSC00639.jpg","datePublished":"2025-07-24T06:03:25+00:00","dateModified":"2025-12-11T09:34:53+00:00","description":"CONTACT - Location de chalets et de condos Club Privilege Mont Tremblant, Laurentides","breadcrumb":{"@id":"https:\/\/privilegemonttremblant.com\/fr\/contact\/#breadcrumb"},"inLanguage":"fr-FR","potentialAction":[{"@type":"ReadAction","target":["https:\/\/privilegemonttremblant.com\/fr\/contact\/"]}]},{"@type":"ImageObject","inLanguage":"fr-FR","@id":"https:\/\/privilegemonttremblant.com\/fr\/contact\/#primaryimage","url":"https:\/\/privilegemonttremblant.com\/wp-content\/uploads\/2023\/03\/DSC00639.jpg","contentUrl":"https:\/\/privilegemonttremblant.com\/wp-content\/uploads\/2023\/03\/DSC00639.jpg","width":1920,"height":500},{"@type":"BreadcrumbList","@id":"https:\/\/privilegemonttremblant.com\/fr\/contact\/#breadcrumb","itemListElement":[{"@type":"ListItem","position":1,"name":"Home","item":"http:\/\/privilegemonttremblant.com\/fr\/"},{"@type":"ListItem","position":2,"name":"CONTACT"}]},{"@type":"WebSite","@id":"https:\/\/privilegemonttremblant.com\/#website","url":"https:\/\/privilegemonttremblant.com\/","name":"Club Privil\u00e8ge Mont-Tremblant","description":"","publisher":{"@id":"https:\/\/privilegemonttremblant.com\/#organization"},"potentialAction":[{"@type":"SearchAction","target":{"@type":"EntryPoint","urlTemplate":"https:\/\/privilegemonttremblant.com\/?s={search_term_string}"},"query-input":{"@type":"PropertyValueSpecification","valueRequired":true,"valueName":"search_term_string"}}],"inLanguage":"fr-FR"},{"@type":"Organization","@id":"https:\/\/privilegemonttremblant.com\/#organization","name":"Club Privil\u00e8ge Mont-Tremblant","url":"https:\/\/privilegemonttremblant.com\/","logo":{"@type":"ImageObject","inLanguage":"fr-FR","@id":"https:\/\/privilegemonttremblant.com\/#\/schema\/logo\/image\/","url":"https:\/\/privilegemonttremblant.com\/wp-content\/uploads\/2023\/03\/logo.png","contentUrl":"https:\/\/privilegemonttremblant.com\/wp-content\/uploads\/2023\/03\/logo.png","width":532,"height":130,"caption":"Club Privil\u00e8ge Mont-Tremblant"},"image":{"@id":"https:\/\/privilegemonttremblant.com\/#\/schema\/logo\/image\/"},"sameAs":["https:\/\/www.facebook.com\/LeClubPrivilegeTremblant","https:\/\/www.instagram.com\/clubprivilegetremblant\/"]}]}},"acf":[],"_links":{"self":[{"href":"https:\/\/privilegemonttremblant.com\/fr\/wp-json\/wp\/v2\/pages\/1286","targetHints":{"allow":["GET"]}}],"collection":[{"href":"https:\/\/privilegemonttremblant.com\/fr\/wp-json\/wp\/v2\/pages"}],"about":[{"href":"https:\/\/privilegemonttremblant.com\/fr\/wp-json\/wp\/v2\/types\/page"}],"author":[{"embeddable":true,"href":"https:\/\/privilegemonttremblant.com\/fr\/wp-json\/wp\/v2\/users\/2"}],"replies":[{"embeddable":true,"href":"https:\/\/privilegemonttremblant.com\/fr\/wp-json\/wp\/v2\/comments?post=1286"}],"version-history":[{"count":9,"href":"https:\/\/privilegemonttremblant.com\/fr\/wp-json\/wp\/v2\/pages\/1286\/revisions"}],"predecessor-version":[{"id":1766,"href":"https:\/\/privilegemonttremblant.com\/fr\/wp-json\/wp\/v2\/pages\/1286\/revisions\/1766"}],"wp:featuredmedia":[{"embeddable":true,"href":"https:\/\/privilegemonttremblant.com\/fr\/wp-json\/wp\/v2\/media\/618"}],"wp:attachment":[{"href":"https:\/\/privilegemonttremblant.com\/fr\/wp-json\/wp\/v2\/media?parent=1286"}],"curies":[{"name":"wp","href":"https:\/\/api.w.org\/{rel}","templated":true}]}}